{"id":751,"date":"2023-04-18T07:21:55","date_gmt":"2023-04-18T07:21:55","guid":{"rendered":"https:\/\/volunteersfromschool.eu\/home\/"},"modified":"2023-05-30T10:02:46","modified_gmt":"2023-05-30T10:02:46","slug":"home","status":"publish","type":"page","link":"https:\/\/volunteersfromschool.eu\/ca\/","title":{"rendered":"INICI"},"content":{"rendered":"<!--themify_builder_content-->\n<div id=\"themify_builder_content-751\" data-postid=\"751\" class=\"themify_builder_content themify_builder_content-751 themify_builder tf_clear\">\n    \t\t\t<!-- module_row -->\n\t<div  data-lazy=\"1\" class=\"module_row themify_builder_row tb_f9hm751 tb_first tf_w tf_clearfix\">\n\t    \t\t\t<div class=\"row_inner col_align_middle tb_col_count_2 tf_box tf_rel\">\n\t\t            <div  data-lazy=\"1\" class=\"module_column tb-column col3-1 tb_rtbr751 first\">\n                                                        <div class=\"tb-column-inner tf_box tf_w\">\n                        <!-- module text -->\n<div  class=\"module module-text tb_nsq6751   \" data-lazy=\"1\">\n        <div  class=\"tb_text_wrap\">\n    <h1 style=\"text-align: left;\">Voluntaris de l&#8217;escola<\/h1>    <\/div>\n<\/div>\n<!-- \/module text --><!-- module text -->\n<div  class=\"module module-text tb_y0ay751   \" data-lazy=\"1\">\n        <div  class=\"tb_text_wrap\">\n    <p>Oferir als estudiants l&#8217;oportunitat de desenvolupar el seu sentit de ciutadania activa i aprendre a assumir la responsabilitat per contribuir a la millora de la societat mitjan\u00e7ant la implicaci\u00f3 personal.<\/p>    <\/div>\n<\/div>\n<!-- \/module text -->                    <\/div>\n                            <\/div>\n                        <div  data-lazy=\"1\" class=\"module_column tb-column col3-2 tb_asa6752 last\">\n                                                        <div class=\"tb-column-inner tf_box tf_w\">\n                        <!-- module image -->\n<div  class=\"module module-image tb_bawv752   image-top tf_mw\" data-lazy=\"1\" data-lax-translate-y=\"(vh*1) 0,(vh*0) -70\" data-lax=\"true\">\n        <div class=\"image-wrap tf_rel tf_mw\">\n\t\t    <img loading=\"lazy\" decoding=\"async\" src=\"http:\/\/volunteersfromschool.eu\/wp-content\/uploads\/2023\/04\/home.jpg\" width=\"800\" height=\"897\" title=\"INICI\" alt=\"INICI\">\t\n\t\t<\/div>\n\t<!-- \/image-wrap -->\n    \n    \t<\/div>\n<!-- \/module image -->                    <\/div>\n                            <\/div>\n            \t    <\/div>\n\t    <!-- \/row_inner -->\n\t<\/div>\n\t<!-- \/module_row -->\n\t\t\t\t<!-- module_row -->\n\t<div  data-lazy=\"1\" class=\"module_row themify_builder_row tb_z4jf417 tf_w tf_clearfix\">\n\t    \t\t\t<div class=\"row_inner col_align_top tb_col_count_1 tf_box tf_rel\">\n\t\t            <div  data-lazy=\"1\" class=\"module_column tb-column col-full tb_h84v418 first\">\n                                                        <div class=\"tb-column-inner tf_box tf_w\">\n                        <!-- module fancy heading -->\n<div  class=\"module module-fancy-heading tb_003m627  tb_hide_divider\" data-lazy=\"1\">\n        <h1 class=\"fancy-heading\">\n    <span class=\"main-head tf_block\">\n\t\t\t\t\tResultats\t\t    <\/span>\n\n\t\n    <span class=\"sub-head tf_block tf_rel\">\n\t\t\t\t\t\t\t    <\/span>\n    <\/h1>\n<\/div>\n<!-- \/module fancy heading -->\n                    <\/div>\n                            <\/div>\n            \t    <\/div>\n\t    <!-- \/row_inner -->\n\t<\/div>\n\t<!-- \/module_row -->\n\t\t\t\t<!-- module_row -->\n\t<div  data-lazy=\"1\" class=\"module_row themify_builder_row tb_ocnw752 tf_w tf_clearfix\">\n\t    \t\t\t<div class=\"row_inner col_align_top col_auto_height tb_col_count_3 tf_box tf_rel\">\n\t\t            <div  data-lazy=\"1\" class=\"module_column tb-column col3-1 tb_md70752 first\">\n                    <div class=\"builder_row_cover tf_abs\"><\/div>                                    <div class=\"tb-column-inner tf_box tf_w\">\n                        <!-- module text -->\n<div  class=\"module module-text tb_mxt4708  repeat \" data-lazy=\"1\">\n        <div  class=\"tb_text_wrap\">\n    <h3>Formaci\u00f3 del professorat<\/h3>    <\/div>\n<\/div>\n<!-- \/module text --><!-- module divider -->\n<div  class=\"module tf_mw module-divider tb_ag6h779 solid  divider-custom divider-center\" style=\"border-width: 1px;border-color: #000000;margin-top: 10px;margin-bottom: 20px;width: 100px;\" data-lazy=\"1\">\n    <\/div>\n<!-- \/module divider -->\n<!-- module buttons -->\n<div  class=\"module module-buttons tb_yo49499 buttons-horizontal solid  buttons-fullwidth\" data-lazy=\"1\" id=\"homeButtons-2-3\">\n    \t<div class=\"module-buttons-item tf_inline_b\">\n\t\t\t\t\t\t\t<a href=\"\/ca\/results#training-teachers\" class=\"ui builder_button yellow\"  id=\"homeButtons\">\n\t\t\t\t\t\t\t\t\t\t\t<span class=\"tf_inline_b tf_vmiddle\">VEURE EL CURS<\/span>\n\t\t\t\t\t\t\t\t\t\t\t<\/a>\n\t\t\t    \t<\/div>\n    <\/div>\n<!-- \/module buttons -->\n                    <\/div>\n                            <\/div>\n                        <div  data-lazy=\"1\" class=\"module_column tb-column col3-1 tb_dvqc752\">\n                    <div class=\"builder_row_cover tf_abs\"><\/div>                                    <div class=\"tb-column-inner tf_box tf_w\">\n                        <!-- module text -->\n<div  class=\"module module-text tb_29qf752  repeat \" data-lazy=\"1\">\n        <div  class=\"tb_text_wrap\">\n    <h3>Intercanvi escolar per a estudiants<\/h3>    <\/div>\n<\/div>\n<!-- \/module text --><!-- module divider -->\n<div  class=\"module tf_mw module-divider tb_lw6e752 solid  divider-custom divider-center\" style=\"border-width: 1px;border-color: #000000;margin-top: 10px;margin-bottom: 20px;width: 100px;\" data-lazy=\"1\">\n    <\/div>\n<!-- \/module divider -->\n<!-- module buttons -->\n<div  class=\"module module-buttons tb_t2zm88 buttons-horizontal solid  buttons-fullwidth\" data-lazy=\"1\" id=\"homeButtons-2\">\n    \t<div class=\"module-buttons-item tf_inline_b\">\n\t\t\t\t\t\t\t<a href=\"\/ca\/results#school-exchange\" class=\"ui builder_button yellow\"  id=\"homeButtons\">\n\t\t\t\t\t\t\t\t\t\t\t<span class=\"tf_inline_b tf_vmiddle\">Con\u00e8ixer m\u00e9s dels intercanvis<\/span>\n\t\t\t\t\t\t\t\t\t\t\t<\/a>\n\t\t\t    \t<\/div>\n    <\/div>\n<!-- \/module buttons -->\n                    <\/div>\n                            <\/div>\n                        <div  data-lazy=\"1\" class=\"module_column tb-column col3-1 tb_9o0w752 last\">\n                    <div class=\"builder_row_cover tf_abs\"><\/div>                                    <div class=\"tb-column-inner tf_box tf_w\">\n                        <!-- module text -->\n<div  class=\"module module-text tb_o2go653  repeat \" data-lazy=\"1\">\n        <div  class=\"tb_text_wrap\">\n    <h3>Plataforma &#8220;diaris dels estudiants&#8221;<\/h3>    <\/div>\n<\/div>\n<!-- \/module text --><!-- module divider -->\n<div  class=\"module tf_mw module-divider tb_u06s699 solid  divider-custom divider-center\" style=\"border-width: 1px;border-color: #000000;margin-top: 10px;margin-bottom: 20px;width: 100px;\" data-lazy=\"1\">\n    <\/div>\n<!-- \/module divider -->\n<!-- module buttons -->\n<div  class=\"module module-buttons tb_tpg9812 buttons-horizontal solid  buttons-fullwidth\" data-lazy=\"1\" id=\"homeButtons-2-3-2\">\n    \t<div class=\"module-buttons-item tf_inline_b\">\n\t\t\t\t\t\t\t<a href=\"\/ca\/results#student-diaries\" class=\"ui builder_button yellow\"  id=\"homeButtons\">\n\t\t\t\t\t\t\t\t\t\t\t<span class=\"tf_inline_b tf_vmiddle\">llegiu m\u00e9s informaci\u00f3 <\/span>\n\t\t\t\t\t\t\t\t\t\t\t<\/a>\n\t\t\t    \t<\/div>\n    <\/div>\n<!-- \/module buttons -->\n                    <\/div>\n                            <\/div>\n            \t    <\/div>\n\t    <!-- \/row_inner -->\n\t<\/div>\n\t<!-- \/module_row -->\n\t\t\t\t<!-- module_row -->\n\t<div  data-lazy=\"1\" class=\"module_row themify_builder_row tb_exye423 tf_w tf_clearfix\">\n\t    \t\t\t<div class=\"row_inner col_align_top tb_col_count_1 tf_box tf_rel\">\n\t\t            <div  data-lazy=\"1\" class=\"module_column tb-column col-full tb_sxc4423 first\">\n                                                        <div class=\"tb-column-inner tf_box tf_w\">\n                        \t<div  data-lazy=\"1\" class=\"module_subrow themify_builder_sub_row tb_hnzm116 tf_w tf_clearfix\">\n\t    \t\t\t<div class=\"subrow_inner col_align_top tb_col_count_1 tf_box tf_w\">\n\t\t            <div  data-lazy=\"1\" class=\"module_column sub_column col-full tb_czt4116 first\">\n                                                        <div class=\"tb-column-inner tf_box tf_w\">\n                        <!-- module text -->\n<div  class=\"module module-text tb_vnk9356   \" data-lazy=\"1\">\n        <div  class=\"tb_text_wrap\">\n    <h2>\u00daltimes not\u00edcies :<\/h2>    <\/div>\n<\/div>\n<!-- \/module text -->                    <\/div>\n                            <\/div>\n            \t    <\/div>\n\t<\/div><!-- \/themify_builder_sub_row -->\n\t\t<div  data-lazy=\"1\" class=\"module_subrow themify_builder_sub_row tb_pkvt928 tf_w tf_clearfix\">\n\t    \t\t\t<div class=\"subrow_inner col_align_top tb_col_count_1 tf_box tf_w\">\n\t\t            <div  data-lazy=\"1\" class=\"module_column sub_column col-full tb_e54l929 first\">\n                                                        <div class=\"tb-column-inner tf_box tf_w\">\n                        <!-- module post -->\n<div  class=\"module module-post tb_td6f493 \">\n        <div  class=\"builder-posts-wrap loops-wrapper list-large-image overlay tf_clear tf_clearfix\" data-lazy=\"1\">\n\t<article id=\"post-907\" class=\"post tf_clearfix post-907 type-post status-publish format-standard hentry category-uncategorized-ca has-post-title no-post-date no-post-category no-post-tag no-post-comment no-post-author \">\n\t    \n\t\t<div class=\"post-content\">\n\t\t<div class=\"post-content-inner\">\n\n\t\t\t\n\t\t\t<h2 class=\"post-title entry-title\"><a href=\"https:\/\/volunteersfromschool.eu\/ca\/kick-off-meeting\/\">Trobada d&#8217;inici<\/a><\/h2>\n\t\t\t\t\t\t\t<p class=\"post-meta entry-meta\">\n\t\t\t\t\t\n\t\t\t\t\t\n\t\t\t\t\t\n\t\t\t\t\t\t\t\t\t<\/p>\n\t\t\t\t<!-- \/post-meta -->\n\t\t\t\n\t\t\t\n\t\t\t\t<div class=\"entry-content\">\n\n        \n\t<\/div><!-- \/.entry-content -->\n\t\n\t\t<\/div>\n\t\t<!-- \/.post-content-inner -->\n\t<\/div>\n\t<!-- \/.post-content -->\n\t\n<\/article>\n<!-- \/.post -->\n<\/div><!-- .builder-posts-wrap -->\n                    <\/div>\n    <!-- \/module post -->\n                    <\/div>\n                            <\/div>\n            \t    <\/div>\n\t<\/div><!-- \/themify_builder_sub_row -->\n\t                    <\/div>\n                            <\/div>\n            \t    <\/div>\n\t    <!-- \/row_inner -->\n\t<\/div>\n\t<!-- \/module_row -->\n\t\t\t\t<!-- module_row -->\n\t<div  data-css_id=\"5k9z728\" data-lazy=\"1\" class=\"module_row themify_builder_row fullwidth tb_5k9z728 tf_w tf_clearfix\">\n\t    \t\t\t<div class=\"row_inner col_align_top tb_col_count_2 tf_box tf_rel\">\n\t\t            <div  data-lazy=\"1\" class=\"module_column tb-column col4-2 tb_e0t8728 first\">\n                                                        <div class=\"tb-column-inner tf_box tf_w\">\n                        <!-- module text -->\n<div  class=\"module module-text tb_pa92719  repeat \" data-lazy=\"1\">\n        <div  class=\"tb_text_wrap\">\n    <p>Finan\u00e7at per la Uni\u00f3 Europea. Les opinions expressades s\u00f3n nom\u00e9s les de l&#8217;autor o autors i no reflecteixen necess\u00e0riament les de la Uni\u00f3 Europea o l&#8217;Ag\u00e8ncia Executiva Europea d&#8217;Educaci\u00f3 i Cultura (EACEA). Ni la Uni\u00f3 Europea ni l&#8217;EACEA se&#8217;n poden fer responsables.<\/p>    <\/div>\n<\/div>\n<!-- \/module text -->                    <\/div>\n                            <\/div>\n                        <div  data-lazy=\"1\" class=\"module_column tb-column col4-2 tb_hbew728 last\">\n                                                        <div class=\"tb-column-inner tf_box tf_w\">\n                        <!-- module text -->\n<div  class=\"module module-text tb_pxzd881  repeat \" data-lazy=\"1\">\n        <div  class=\"tb_text_wrap\">\n    <p>N\u00famero de projecte: 2022-1-ES01-KA220-SCH-000087095<\/p>    <\/div>\n<\/div>\n<!-- \/module text --><!-- module image -->\n<div  class=\"module module-image tb_mml7996   image-top tf_mw\" data-lazy=\"1\">\n        <div class=\"image-wrap tf_rel tf_mw\">\n\t\t    <img loading=\"lazy\" decoding=\"async\" src=\"http:\/\/volunteersfromschool.eu\/wp-content\/uploads\/2023\/04\/EU.png\" width=\"566\" height=\"119\" title=\"INICI\" alt=\"INICI\">\t\n\t\t<\/div>\n\t<!-- \/image-wrap -->\n    \n    \t<\/div>\n<!-- \/module image -->                    <\/div>\n                            <\/div>\n            \t    <\/div>\n\t    <!-- \/row_inner -->\n\t<\/div>\n\t<!-- \/module_row -->\n\t<\/div>\n<!--\/themify_builder_content-->","protected":false},"excerpt":{"rendered":"<p>Voluntaris de l&#8217;escola<\/p>\n","protected":false},"author":1,"featured_media":0,"parent":0,"menu_order":0,"comment_status":"closed","ping_status":"closed","template":"","meta":{"footnotes":""},"class_list":["post-751","page","type-page","status-publish","hentry","has-post-title","has-post-date","has-post-category","has-post-tag","has-post-comment","has-post-author",""],"builder_content":"<h1 style=\"text-align: left;\">Voluntaris de l'escola<\/h1>\n<p>Oferir als estudiants l'oportunitat de desenvolupar el seu sentit de ciutadania activa i aprendre a assumir la responsabilitat per contribuir a la millora de la societat mitjan\u00e7ant la implicaci\u00f3 personal.<\/p>\n<img src=\"http:\/\/volunteersfromschool.eu\/wp-content\/uploads\/2023\/04\/home.jpg\" width=\"800\" height=\"897\" title=\"INICI\" alt=\"INICI\">\n<h1>Resultats<br\/><\/h1>\n<h3>Formaci\u00f3 del professorat<\/h3>\n\n<a href=\"\/ca\/results#training-teachers\" id=\"homeButtons\"> VEURE EL CURS <\/a>\n<h3>Intercanvi escolar per a estudiants<\/h3>\n\n<a href=\"\/ca\/results#school-exchange\" id=\"homeButtons\"> Con\u00e8ixer m\u00e9s dels intercanvis <\/a>\n<h3>Plataforma \"diaris dels estudiants\"<\/h3>\n\n<a href=\"\/ca\/results#student-diaries\" id=\"homeButtons\"> llegiu m\u00e9s informaci\u00f3 <\/a>\n<h2>\u00daltimes not\u00edcies :<\/h2>\n<p>Finan\u00e7at per la Uni\u00f3 Europea. Les opinions expressades s\u00f3n nom\u00e9s les de l'autor o autors i no reflecteixen necess\u00e0riament les de la Uni\u00f3 Europea o l'Ag\u00e8ncia Executiva Europea d'Educaci\u00f3 i Cultura (EACEA). Ni la Uni\u00f3 Europea ni l'EACEA se'n poden fer responsables.<\/p>\n<p>N\u00famero de projecte: 2022-1-ES01-KA220-SCH-000087095<\/p>\n<img src=\"http:\/\/volunteersfromschool.eu\/wp-content\/uploads\/2023\/04\/EU.png\" width=\"566\" height=\"119\" title=\"INICI\" alt=\"INICI\">","_links":{"self":[{"href":"https:\/\/volunteersfromschool.eu\/ca\/wp-json\/wp\/v2\/pages\/751","targetHints":{"allow":["GET"]}}],"collection":[{"href":"https:\/\/volunteersfromschool.eu\/ca\/wp-json\/wp\/v2\/pages"}],"about":[{"href":"https:\/\/volunteersfromschool.eu\/ca\/wp-json\/wp\/v2\/types\/page"}],"author":[{"embeddable":true,"href":"https:\/\/volunteersfromschool.eu\/ca\/wp-json\/wp\/v2\/users\/1"}],"replies":[{"embeddable":true,"href":"https:\/\/volunteersfromschool.eu\/ca\/wp-json\/wp\/v2\/comments?post=751"}],"version-history":[{"count":7,"href":"https:\/\/volunteersfromschool.eu\/ca\/wp-json\/wp\/v2\/pages\/751\/revisions"}],"predecessor-version":[{"id":906,"href":"https:\/\/volunteersfromschool.eu\/ca\/wp-json\/wp\/v2\/pages\/751\/revisions\/906"}],"wp:attachment":[{"href":"https:\/\/volunteersfromschool.eu\/ca\/wp-json\/wp\/v2\/media?parent=751"}],"curies":[{"name":"wp","href":"https:\/\/api.w.org\/{rel}","templated":true}]}}