{"id":779,"date":"2023-04-26T09:34:08","date_gmt":"2023-04-26T09:34:08","guid":{"rendered":"https:\/\/volunteersfromschool.eu\/about\/"},"modified":"2023-05-29T07:12:20","modified_gmt":"2023-05-29T07:12:20","slug":"about","status":"publish","type":"page","link":"https:\/\/volunteersfromschool.eu\/ca\/about\/","title":{"rendered":"EL PROJECTE"},"content":{"rendered":"<!--themify_builder_content-->\n<div id=\"themify_builder_content-779\" data-postid=\"779\" class=\"themify_builder_content themify_builder_content-779 themify_builder tf_clear\">\n    \t\t\t<!-- module_row -->\n\t<div  data-css_id=\"msqy747\" data-lazy=\"1\" class=\"module_row themify_builder_row fullwidth_row_container tb_msqy747 tb_first tf_w tf_clearfix\">\n\t    <div class=\"builder_row_cover tf_abs\"><\/div>\t\t\t<div class=\"row_inner col_align_top tb_col_count_1 tf_box tf_rel\">\n\t\t            <div  data-lazy=\"1\" class=\"module_column tb-column col-full tb_m60a747 first\">\n                                                        <div class=\"tb-column-inner tf_box tf_w\">\n                        <!-- module text -->\n<div  class=\"module module-text tb_6uel747  repeat \" data-lazy=\"1\">\n        <div  class=\"tb_text_wrap\">\n    <h1>About Us<\/h1>    <\/div>\n<\/div>\n<!-- \/module text -->                    <\/div>\n                            <\/div>\n            \t    <\/div>\n\t    <!-- \/row_inner -->\n\t<\/div>\n\t<!-- \/module_row -->\n\t\t\t\t<!-- module_row -->\n\t<div  data-css_id=\"w2pt400\" data-lazy=\"1\" class=\"module_row themify_builder_row fullwidth_row_container tb_w2pt400 tf_w tf_clearfix\">\n\t    \t\t\t<div class=\"row_inner col_align_top tb_col_count_2 tf_box tf_rel\">\n\t\t            <div  data-lazy=\"1\" class=\"module_column tb-column col4-2 tb_w88l400 first\">\n                                                        <div class=\"tb-column-inner tf_box tf_w\">\n                        <!-- module text -->\n<div  class=\"module module-text tb_fa2f400  repeat \" data-lazy=\"1\">\n        <div  class=\"tb_text_wrap\">\n    <p>A trav\u00e9s del projecte VoterS pretenem combinar l&#8217;aprenentatge i el servei comunitari, per crear ciutadans cr\u00edtics, actius i responsables.<\/p>\n<p>En el proc\u00e9s oferirem a tots els participants -professorat, alumnes i centres educatius- les habilitats necess\u00e0ries per practicar de manera responsable les normes de la conviv\u00e8ncia en una societat democr\u00e0tica, assumint les seves responsabilitats com a ciutadanes i ciutadans europeus. At\u00e8s que l&#8217;alumnat de secund\u00e0ria ser\u00e0 el primer a acabar els estudis i contribuir a la societat en els propers dos anys, la seva preparaci\u00f3 \u00e9s fonamental, no per a un futur lluny\u00e0 i impredictible, sin\u00f3 per un present en el que l&#8217;adversitat truca constantment les portes de casa nostra.<\/p>    <\/div>\n<\/div>\n<!-- \/module text --><!-- module image -->\n<div  class=\"module module-image tb_mvpi400   image-top tf_mw\" data-lazy=\"1\">\n        <div class=\"image-wrap tf_rel tf_mw\">\n\t\t    <img loading=\"lazy\" decoding=\"async\" src=\"http:\/\/volunteersfromschool.eu\/wp-content\/uploads\/2023\/04\/hands-of-young-people-joined-in-circle-2022-12-16-08-50-15-utc-scaled.jpg\" width=\"554\" height=\"305\" title=\"EL PROJECTE\" alt=\"EL PROJECTE\">\t\n\t\t<\/div>\n\t<!-- \/image-wrap -->\n    \n    \t<\/div>\n<!-- \/module image -->                    <\/div>\n                            <\/div>\n                        <div  data-lazy=\"1\" class=\"module_column tb-column col4-2 tb_aldr400 last\">\n                                                        <div class=\"tb-column-inner tf_box tf_w\">\n                        <!-- module image -->\n<div  class=\"module module-image tb_svcp400   image-top tf_mw\" data-lazy=\"1\">\n        <div class=\"image-wrap tf_rel tf_mw\">\n\t\t    <img loading=\"lazy\" decoding=\"async\" src=\"http:\/\/volunteersfromschool.eu\/wp-content\/uploads\/2023\/04\/group-of-young-people-sitting-at-table-reading-boo-2022-02-02-05-07-19-utc-scaled.jpg\" width=\"554\" height=\"325\" title=\"EL PROJECTE\" alt=\"EL PROJECTE\">\t\n\t\t<\/div>\n\t<!-- \/image-wrap -->\n    \n    \t<\/div>\n<!-- \/module image --><!-- module text -->\n<div  class=\"module module-text tb_nbm3400  repeat \" data-lazy=\"1\">\n        <div  class=\"tb_text_wrap\">\n    <p>La demostraci\u00f3 de la solidaritat europea, els nostres valors democr\u00e0tics, la responsabilitat, la perseveran\u00e7a i l&#8217;aplicaci\u00f3 de tot aix\u00f2 en un m\u00f3n digital es veuran servides pels resultats d&#8217;aquest projecte.<\/p>\n<p>El professorat desenvolupar\u00e0 la capacitat d&#8217;arribar a l&#8217;alumnat i inspirar-lo, fins i tot des de lluny, els estudiants milloraran el seu pensament cr\u00edtic i el seu sentit de la responsabilitat i, a m\u00e9s a m\u00e9s, aprendran les habilitats de gesti\u00f3 de projectes per exercir el voluntariat d&#8217;una manera estructurada i significativa.<\/p>\n<p>Les escoles, els pares, les ONG i comunitats locals rebran les eines per cooperar com mai ho havien fet abans. Ara, m\u00e9s que mai, cal un projecte sobre el voluntariat per implementar el canvi.<\/p>    <\/div>\n<\/div>\n<!-- \/module text -->                    <\/div>\n                            <\/div>\n            \t    <\/div>\n\t    <!-- \/row_inner -->\n\t<\/div>\n\t<!-- \/module_row -->\n\t\t\t\t<!-- module_row -->\n\t<div  data-css_id=\"1ryz208\" data-lazy=\"1\" class=\"module_row themify_builder_row fullwidth tb_1ryz208 tf_w tf_clearfix\">\n\t    \t\t\t<div class=\"row_inner col_align_top tb_col_count_2 tf_box tf_rel\">\n\t\t            <div  data-lazy=\"1\" class=\"module_column tb-column col4-2 tb_uh7u208 first\">\n                                                        <div class=\"tb-column-inner tf_box tf_w\">\n                        <!-- module text -->\n<div  class=\"module module-text tb_uh9p208  repeat \" data-lazy=\"1\">\n        <div  class=\"tb_text_wrap\">\n    <p>Finan\u00e7at per la Uni\u00f3 Europea. Les opinions expressades s\u00f3n nom\u00e9s les de l&#8217;autor o autors i no reflecteixen necess\u00e0riament les de la Uni\u00f3 Europea o l&#8217;Ag\u00e8ncia Executiva Europea d&#8217;Educaci\u00f3 i Cultura (EACEA). Ni la Uni\u00f3 Europea ni l&#8217;EACEA se&#8217;n poden fer responsables.<\/p>    <\/div>\n<\/div>\n<!-- \/module text -->                    <\/div>\n                            <\/div>\n                        <div  data-lazy=\"1\" class=\"module_column tb-column col4-2 tb_hrp2208 last\">\n                                                        <div class=\"tb-column-inner tf_box tf_w\">\n                        <!-- module text -->\n<div  class=\"module module-text tb_kizh209  repeat \" data-lazy=\"1\">\n        <div  class=\"tb_text_wrap\">\n    <p>N\u00famero de projecte: 2022-1-ES01-KA220-SCH-000087095<\/p>    <\/div>\n<\/div>\n<!-- \/module text --><!-- module image -->\n<div  class=\"module module-image tb_edzc209   image-top tf_mw\" data-lazy=\"1\">\n        <div class=\"image-wrap tf_rel tf_mw\">\n\t\t    <img loading=\"lazy\" decoding=\"async\" src=\"http:\/\/volunteersfromschool.eu\/wp-content\/uploads\/2023\/04\/EU.png\" width=\"566\" height=\"119\" title=\"EL PROJECTE\" alt=\"EL PROJECTE\">\t\n\t\t<\/div>\n\t<!-- \/image-wrap -->\n    \n    \t<\/div>\n<!-- \/module image -->                    <\/div>\n                            <\/div>\n            \t    <\/div>\n\t    <!-- \/row_inner -->\n\t<\/div>\n\t<!-- \/module_row -->\n\t<\/div>\n<!--\/themify_builder_content-->","protected":false},"excerpt":{"rendered":"<p>About Us<\/p>\n","protected":false},"author":1,"featured_media":0,"parent":0,"menu_order":0,"comment_status":"closed","ping_status":"closed","template":"","meta":{"footnotes":""},"class_list":["post-779","page","type-page","status-publish","hentry","has-post-title","has-post-date","has-post-category","has-post-tag","has-post-comment","has-post-author",""],"builder_content":"<h1>About Us<\/h1>\n<p>A trav\u00e9s del projecte VoterS pretenem combinar l'aprenentatge i el servei comunitari, per crear ciutadans cr\u00edtics, actius i responsables.<\/p> <p>En el proc\u00e9s oferirem a tots els participants -professorat, alumnes i centres educatius- les habilitats necess\u00e0ries per practicar de manera responsable les normes de la conviv\u00e8ncia en una societat democr\u00e0tica, assumint les seves responsabilitats com a ciutadanes i ciutadans europeus. At\u00e8s que l'alumnat de secund\u00e0ria ser\u00e0 el primer a acabar els estudis i contribuir a la societat en els propers dos anys, la seva preparaci\u00f3 \u00e9s fonamental, no per a un futur lluny\u00e0 i impredictible, sin\u00f3 per un present en el que l'adversitat truca constantment les portes de casa nostra.<\/p>\n<img src=\"http:\/\/volunteersfromschool.eu\/wp-content\/uploads\/2023\/04\/hands-of-young-people-joined-in-circle-2022-12-16-08-50-15-utc-scaled.jpg\" width=\"554\" height=\"305\" title=\"EL PROJECTE\" alt=\"EL PROJECTE\">\n<img src=\"http:\/\/volunteersfromschool.eu\/wp-content\/uploads\/2023\/04\/group-of-young-people-sitting-at-table-reading-boo-2022-02-02-05-07-19-utc-scaled.jpg\" width=\"554\" height=\"325\" title=\"EL PROJECTE\" alt=\"EL PROJECTE\">\n<p>La demostraci\u00f3 de la solidaritat europea, els nostres valors democr\u00e0tics, la responsabilitat, la perseveran\u00e7a i l'aplicaci\u00f3 de tot aix\u00f2 en un m\u00f3n digital es veuran servides pels resultats d'aquest projecte.<\/p> <p>El professorat desenvolupar\u00e0 la capacitat d'arribar a l'alumnat i inspirar-lo, fins i tot des de lluny, els estudiants milloraran el seu pensament cr\u00edtic i el seu sentit de la responsabilitat i, a m\u00e9s a m\u00e9s, aprendran les habilitats de gesti\u00f3 de projectes per exercir el voluntariat d'una manera estructurada i significativa.<\/p> <p>Les escoles, els pares, les ONG i comunitats locals rebran les eines per cooperar com mai ho havien fet abans. Ara, m\u00e9s que mai, cal un projecte sobre el voluntariat per implementar el canvi.<\/p>\n<p>Finan\u00e7at per la Uni\u00f3 Europea. Les opinions expressades s\u00f3n nom\u00e9s les de l'autor o autors i no reflecteixen necess\u00e0riament les de la Uni\u00f3 Europea o l'Ag\u00e8ncia Executiva Europea d'Educaci\u00f3 i Cultura (EACEA). Ni la Uni\u00f3 Europea ni l'EACEA se'n poden fer responsables.<\/p>\n<p>N\u00famero de projecte: 2022-1-ES01-KA220-SCH-000087095<\/p>\n<img src=\"http:\/\/volunteersfromschool.eu\/wp-content\/uploads\/2023\/04\/EU.png\" width=\"566\" height=\"119\" title=\"EL PROJECTE\" alt=\"EL PROJECTE\">","_links":{"self":[{"href":"https:\/\/volunteersfromschool.eu\/ca\/wp-json\/wp\/v2\/pages\/779","targetHints":{"allow":["GET"]}}],"collection":[{"href":"https:\/\/volunteersfromschool.eu\/ca\/wp-json\/wp\/v2\/pages"}],"about":[{"href":"https:\/\/volunteersfromschool.eu\/ca\/wp-json\/wp\/v2\/types\/page"}],"author":[{"embeddable":true,"href":"https:\/\/volunteersfromschool.eu\/ca\/wp-json\/wp\/v2\/users\/1"}],"replies":[{"embeddable":true,"href":"https:\/\/volunteersfromschool.eu\/ca\/wp-json\/wp\/v2\/comments?post=779"}],"version-history":[{"count":5,"href":"https:\/\/volunteersfromschool.eu\/ca\/wp-json\/wp\/v2\/pages\/779\/revisions"}],"predecessor-version":[{"id":812,"href":"https:\/\/volunteersfromschool.eu\/ca\/wp-json\/wp\/v2\/pages\/779\/revisions\/812"}],"wp:attachment":[{"href":"https:\/\/volunteersfromschool.eu\/ca\/wp-json\/wp\/v2\/media?parent=779"}],"curies":[{"name":"wp","href":"https:\/\/api.w.org\/{rel}","templated":true}]}}