{"id":804,"date":"2023-04-26T12:41:33","date_gmt":"2023-04-26T12:41:33","guid":{"rendered":"https:\/\/volunteersfromschool.eu\/results\/"},"modified":"2024-12-09T08:14:08","modified_gmt":"2024-12-09T08:14:08","slug":"results","status":"publish","type":"page","link":"https:\/\/volunteersfromschool.eu\/ca\/results\/","title":{"rendered":"RESULTATS"},"content":{"rendered":"<!--themify_builder_content-->\n<div id=\"themify_builder_content-804\" data-postid=\"804\" class=\"themify_builder_content themify_builder_content-804 themify_builder tf_clear\">\n    \t\t\t<!-- module_row -->\n\t<div  data-css_id=\"jmsv459\" data-lazy=\"1\" class=\"module_row themify_builder_row fullwidth_row_container tb_jmsv459 tb_first tf_w tf_clearfix\">\n\t    <div class=\"tb_row_frame_wrap tf_overflow tf_abs\" data-lazy=\"1\"><div class=\"tb_row_frame tb_row_frame_bottom in_front tf_abs tf_hide tf_overflow tf_w\"><\/div><\/div>\t\t\t<div class=\"row_inner col_align_top tb_col_count_3 tf_box tf_rel\">\n\t\t            <div  data-lazy=\"1\" class=\"module_column tb-column col3-1 tb_pqou459 first\">\n                                                <\/div>\n                        <div  data-lazy=\"1\" class=\"module_column tb-column col3-1 tb_13qp590\">\n                                                        <div class=\"tb-column-inner tf_box tf_w\">\n                        <!-- module text -->\n<div  class=\"module module-text tb_34vw459  repeat \" data-lazy=\"1\">\n        <div  class=\"tb_text_wrap\">\n    <h1 style=\"text-align: center;\">Resultats<\/h1>    <\/div>\n<\/div>\n<!-- \/module text -->                    <\/div>\n                            <\/div>\n                        <div  data-lazy=\"1\" class=\"module_column tb-column col3-1 tb_itrs460 last\">\n                                                <\/div>\n            \t    <\/div>\n\t    <!-- \/row_inner -->\n\t<\/div>\n\t<!-- \/module_row -->\n\t\t\t\t<!-- module_row -->\n\t<div  data-css_id=\"gtud459\" data-lazy=\"1\" class=\"module_row themify_builder_row fullwidth_row_container tb_gtud459 tf_w tf_clearfix\">\n\t    <div class=\"tb_row_frame_wrap tf_overflow tf_abs\" data-lazy=\"1\"><div class=\"tb_row_frame tb_row_frame_top  tf_abs tf_hide tf_overflow tf_w\"><\/div><div class=\"tb_row_frame tb_row_frame_bottom  tf_abs tf_hide tf_overflow tf_w\"><\/div><\/div>\t\t\t<div class=\"row_inner col_align_top tb_col_count_1 tf_box tf_rel\">\n\t\t            <div  data-lazy=\"1\" class=\"module_column tb-column col-full tb_qwqx459 first\">\n                                                <\/div>\n            \t    <\/div>\n\t    <!-- \/row_inner -->\n\t<\/div>\n\t<!-- \/module_row -->\n\t\t\t\t<!-- module_row -->\n\t<div  data-css_id=\"itvs720\" data-lazy=\"1\" class=\"module_row themify_builder_row fullwidth tb_itvs720 tf_w tf_clearfix\">\n\t    \t\t\t<div class=\"row_inner col_align_top tb_col_count_1 tf_box tf_rel\">\n\t\t            <div  data-lazy=\"1\" class=\"module_column tb-column col-full tb_knq0720 first\">\n                                                        <div class=\"tb-column-inner tf_box tf_w\">\n                        \t<div  data-lazy=\"1\" class=\"module_subrow themify_builder_sub_row tb_nuua633 tf_w tf_clearfix\">\n\t    <div class=\"tb_row_frame_wrap tf_overflow tf_abs\" data-lazy=\"1\"><div class=\"tb_row_frame tb_row_frame_bottom  tf_abs tf_hide tf_overflow tf_w\"><\/div><\/div>\t\t\t<div class=\"subrow_inner col_align_top tb_col_count_2 tf_box tf_w\">\n\t\t            <div  data-lazy=\"1\" class=\"module_column sub_column col4-2 tb_7d7h633 first\">\n                                                        <div class=\"tb-column-inner tf_box tf_w\">\n                        <!-- module text -->\n<div  class=\"module module-text tb_zntx509   \" data-lazy=\"1\" id=\"student-diaries\">\n        <div  class=\"tb_text_wrap\">\n    <h2 style=\"text-align: center;\">Plataforma Diaris dels Estudiants<\/h2>\n<p style=\"text-align: center;\">La Plataforma Diaris dels Estudiants ofereix als estudiants l&#8217;oportunitat de desenvolupar el seu sentit de ciutadania activa, l&#8217;\u00e8tica i el pensament cr\u00edtic mitjan\u00e7ant la participaci\u00f3 en l&#8217;escena del voluntariat local, desenvolupant les seves habilitats digitals per crear contingut audiovisual innovador com podcasts, v\u00eddeos i contingut escrit per compartir la seva experi\u00e8ncia de voluntariat i aix\u00ed implicar i inspirar els altres. La plataforma \u00e9s una eina de difusi\u00f3, un punt de trobada i un testimoni dels beneficis intr\u00ednsecs del servei comunitari i una inspiraci\u00f3 perqu\u00e8 altres escoles, docents i estudiants segueixin el seu exemple.<\/p>    <\/div>\n<\/div>\n<!-- \/module text --><!-- module buttons -->\n<div  class=\"module module-buttons tb_9yqv937 buttons-horizontal solid \" data-lazy=\"1\">\n    \t<div class=\"module-buttons-item tf_inline_b\">\n\t\t\t\t\t\t\t<a href=\"https:\/\/volunteersfromschool.eu\/students-diaries-platform\/\" class=\"ui builder_button red\" >\n\t\t\t\t\t\t\t\t\t\t\t<span class=\"tf_inline_b tf_vmiddle\">veure els diaris<\/span>\n\t\t\t\t\t\t\t\t\t\t\t<\/a>\n\t\t\t    \t<\/div>\n    <\/div>\n<!-- \/module buttons -->\n                    <\/div>\n                            <\/div>\n                        <div  data-lazy=\"1\" class=\"module_column sub_column col4-2 tb_x39m634 last\">\n                                                        <div class=\"tb-column-inner tf_box tf_w\">\n                        <!-- module image -->\n<div  class=\"module module-image tb_c2kg509   image-center tf_mw\" data-lazy=\"1\">\n        <div class=\"image-wrap tf_rel tf_mw\">\n\t\t    <img loading=\"lazy\" decoding=\"async\" src=\"http:\/\/volunteersfromschool.eu\/wp-content\/uploads\/2023\/04\/volunteer-registring-ukrainian-refugees-at-train-s-2022-11-12-14-54-17-utc-scaled.jpg\" width=\"502\" height=\"302\" title=\"RESULTATS\" alt=\"RESULTATS\">\t\n\t\t<\/div>\n\t<!-- \/image-wrap -->\n    \n    \t<\/div>\n<!-- \/module image -->                    <\/div>\n                            <\/div>\n            \t    <\/div>\n\t<\/div><!-- \/themify_builder_sub_row -->\n\t\t<div  data-lazy=\"1\" class=\"module_subrow themify_builder_sub_row tb_c22e509 tf_w tf_clearfix\">\n\t    <div class=\"tb_row_frame_wrap tf_overflow tf_abs\" data-lazy=\"1\"><div class=\"tb_row_frame tb_row_frame_bottom  tf_abs tf_hide tf_overflow tf_w\"><\/div><\/div>\t\t\t<div class=\"subrow_inner col_align_top tb_col_count_2 tf_box tf_w\">\n\t\t            <div  data-lazy=\"1\" class=\"module_column sub_column col4-2 tb_wtgf509 first\">\n                                                        <div class=\"tb-column-inner tf_box tf_w\">\n                        <!-- module image -->\n<div  class=\"module module-image tb_ndm4634   image-center tf_mw\" data-lazy=\"1\">\n        <div class=\"image-wrap tf_rel tf_mw\">\n\t\t    <img loading=\"lazy\" decoding=\"async\" src=\"http:\/\/volunteersfromschool.eu\/wp-content\/uploads\/2023\/04\/Picture1.jpg\" width=\"502\" height=\"302\" title=\"RESULTATS\" alt=\"RESULTATS\">\t\n\t\t<\/div>\n\t<!-- \/image-wrap -->\n    \n    \t<\/div>\n<!-- \/module image -->                    <\/div>\n                            <\/div>\n                        <div  data-lazy=\"1\" class=\"module_column sub_column col4-2 tb_zvf0509 last\">\n                                                        <div class=\"tb-column-inner tf_box tf_w\">\n                        <!-- module text -->\n<div  class=\"module module-text tb_worh634   \" data-lazy=\"1\" id=\"training-teachers\">\n        <div  class=\"tb_text_wrap\">\n    <h2 style=\"text-align: center;\">Formaci\u00f3 del professorat<\/h2>\n<p style=\"text-align: center;\">La formaci\u00f3 de professors de \u201cVolunteers from School\u201d inclou un seguit de plans de formaci\u00f3. Aquestes formacions constitueixen un \u00fas innovador de continguts i eines digitals, ajuden a la transformaci\u00f3 digital del perfil professional dels participants i dels seus centres educatius i augmenten la seva capacitat i preparaci\u00f3 cap a una nova era digital en l&#8217;educaci\u00f3. Aquesta formaci\u00f3 ensenya als docents com motivar la participaci\u00f3 dels seus alumnes en la vida democr\u00e0tica, el comprom\u00eds social i c\u00edvic, adoptar i practicar els valors de la UE mitjan\u00e7ant el voluntariat.<\/p>    <\/div>\n<\/div>\n<!-- \/module text --><!-- module buttons -->\n<div  class=\"module module-buttons tb_n4j4616 buttons-horizontal solid \" data-lazy=\"1\">\n    \t<div class=\"module-buttons-item tf_inline_b\">\n\t\t\t\t\t\t\t<a href=\"https:\/\/volunteersfromschool.eu\/ca\/modules\/\" class=\"ui builder_button red\" >\n\t\t\t\t\t\t\t\t\t\t\t<span class=\"tf_inline_b tf_vmiddle\">VEURE EL CURS<\/span>\n\t\t\t\t\t\t\t\t\t\t\t<\/a>\n\t\t\t    \t<\/div>\n    <\/div>\n<!-- \/module buttons -->\n                    <\/div>\n                            <\/div>\n            \t    <\/div>\n\t<\/div><!-- \/themify_builder_sub_row -->\n\t\t<div  data-lazy=\"1\" class=\"module_subrow themify_builder_sub_row tb_x1nj883 tf_w tf_clearfix\">\n\t    <div class=\"tb_row_frame_wrap tf_overflow tf_abs\" data-lazy=\"1\"><div class=\"tb_row_frame tb_row_frame_bottom  tf_abs tf_hide tf_overflow tf_w\"><\/div><\/div>\t\t\t<div class=\"subrow_inner col_align_top tb_col_count_2 tf_box tf_w\">\n\t\t            <div  data-lazy=\"1\" class=\"module_column sub_column col4-2 tb_eoea883 first\">\n                                                        <div class=\"tb-column-inner tf_box tf_w\">\n                        <!-- module text -->\n<div  class=\"module module-text tb_tj2v883   \" data-lazy=\"1\" id=\"school-exchange\">\n        <div  class=\"tb_text_wrap\">\n    <h2 style=\"text-align: center;\">Intercanvis escolars per a alumnes<\/h2>\n<p style=\"text-align: center;\">Dins el projecte &#8220;Volunteers from School&#8221; es realitzen dos intercanvis escolars d&#8217;alumnes. El primer t\u00e9 com a objtectiu que l&#8217;alumnat aprengui a crear un diari digital, desenvolupant eines digitals, de comunicaci\u00f3 i de gesti\u00f3 de projectes, aix\u00ed com a crear un esperit de valors compartits sobre com responsabilitzar-se per contribuir a la millora de la societat mitjan\u00e7ant la implicaci\u00f3 personal. El segon intercanvi t\u00e9 com a objectiu compartir, entre els alumnes de diferents centres educatius, les experi\u00e8ncies, emocions i lli\u00e7ons apreses durant la seva implicaci\u00f3 a VoterS.<\/p>\n<p style=\"text-align: center;\">Aquests intercanvis intensificaran la relaci\u00f3 circular entre aprenentatge i servei i demostraran com els estudiants que han experimentat i liderat accions de comprom\u00eds c\u00edvic han interioritzat aquest exercici actiu de ciutadania alhora que han adquirit nous coneixements i habilitats.<\/p>    <\/div>\n<\/div>\n<!-- \/module text -->                    <\/div>\n                            <\/div>\n                        <div  data-lazy=\"1\" class=\"module_column sub_column col4-2 tb_6xr0883 last\">\n                                                        <div class=\"tb-column-inner tf_box tf_w\">\n                        <!-- module image -->\n<div  class=\"module module-image tb_1ooj883   image-center tf_mw\" data-lazy=\"1\">\n        <div class=\"image-wrap tf_rel tf_mw\">\n\t\t    <img loading=\"lazy\" decoding=\"async\" src=\"http:\/\/volunteersfromschool.eu\/wp-content\/uploads\/2023\/04\/happy-young-friends-stacking-hands-diverse-group-2022-08-11-00-05-14-utc-scaled.jpg\" width=\"525\" height=\"303\" title=\"RESULTATS\" alt=\"RESULTATS\">\t\n\t\t<\/div>\n\t<!-- \/image-wrap -->\n    \n    \t<\/div>\n<!-- \/module image -->                    <\/div>\n                            <\/div>\n            \t    <\/div>\n\t<\/div><!-- \/themify_builder_sub_row -->\n\t                    <\/div>\n                            <\/div>\n            \t    <\/div>\n\t    <!-- \/row_inner -->\n\t<\/div>\n\t<!-- \/module_row -->\n\t\t\t\t<!-- module_row -->\n\t<div  data-css_id=\"6iv5811\" data-lazy=\"1\" class=\"module_row themify_builder_row fullwidth tb_6iv5811 tf_w tf_clearfix\">\n\t    \t\t\t<div class=\"row_inner col_align_top tb_col_count_2 tf_box tf_rel\">\n\t\t            <div  data-lazy=\"1\" class=\"module_column tb-column col4-2 tb_1m5h811 first\">\n                                                        <div class=\"tb-column-inner tf_box tf_w\">\n                        <!-- module text -->\n<div  class=\"module module-text tb_rcob811  repeat \" data-lazy=\"1\">\n        <div  class=\"tb_text_wrap\">\n    <p>Finan\u00e7at per la Uni\u00f3 Europea. Les opinions expressades s\u00f3n nom\u00e9s les de l&#8217;autor o autors i no reflecteixen necess\u00e0riament les de la Uni\u00f3 Europea o l&#8217;Ag\u00e8ncia Executiva Europea d&#8217;Educaci\u00f3 i Cultura (EACEA). Ni la Uni\u00f3 Europea ni l&#8217;EACEA se&#8217;n poden fer responsables.<\/p>    <\/div>\n<\/div>\n<!-- \/module text -->                    <\/div>\n                            <\/div>\n                        <div  data-lazy=\"1\" class=\"module_column tb-column col4-2 tb_izn6811 last\">\n                                                        <div class=\"tb-column-inner tf_box tf_w\">\n                        <!-- module text -->\n<div  class=\"module module-text tb_91i1811  repeat \" data-lazy=\"1\">\n        <div  class=\"tb_text_wrap\">\n    <p>N\u00famero de projecte: 2022-1-ES01-KA220-SCH-000087095<\/p>    <\/div>\n<\/div>\n<!-- \/module text --><!-- module image -->\n<div  class=\"module module-image tb_5asx811   image-top tf_mw\" data-lazy=\"1\">\n        <div class=\"image-wrap tf_rel tf_mw\">\n\t\t    <img loading=\"lazy\" decoding=\"async\" src=\"http:\/\/volunteersfromschool.eu\/wp-content\/uploads\/2023\/04\/EU.png\" width=\"566\" height=\"119\" title=\"RESULTATS\" alt=\"RESULTATS\">\t\n\t\t<\/div>\n\t<!-- \/image-wrap -->\n    \n    \t<\/div>\n<!-- \/module image -->                    <\/div>\n                            <\/div>\n            \t    <\/div>\n\t    <!-- \/row_inner -->\n\t<\/div>\n\t<!-- \/module_row -->\n\t<\/div>\n<!--\/themify_builder_content-->","protected":false},"excerpt":{"rendered":"<p>Resultats<\/p>\n","protected":false},"author":1,"featured_media":0,"parent":0,"menu_order":0,"comment_status":"closed","ping_status":"closed","template":"","meta":{"footnotes":""},"class_list":["post-804","page","type-page","status-publish","hentry","has-post-title","has-post-date","has-post-category","has-post-tag","has-post-comment","has-post-author",""],"builder_content":"<h1 style=\"text-align: center;\">Resultats<\/h1>\n<h2 style=\"text-align: center;\">Plataforma Diaris dels Estudiants<\/h2> <p style=\"text-align: center;\">La Plataforma Diaris dels Estudiants ofereix als estudiants l'oportunitat de desenvolupar el seu sentit de ciutadania activa, l'\u00e8tica i el pensament cr\u00edtic mitjan\u00e7ant la participaci\u00f3 en l'escena del voluntariat local, desenvolupant les seves habilitats digitals per crear contingut audiovisual innovador com podcasts, v\u00eddeos i contingut escrit per compartir la seva experi\u00e8ncia de voluntariat i aix\u00ed implicar i inspirar els altres. La plataforma \u00e9s una eina de difusi\u00f3, un punt de trobada i un testimoni dels beneficis intr\u00ednsecs del servei comunitari i una inspiraci\u00f3 perqu\u00e8 altres escoles, docents i estudiants segueixin el seu exemple.<\/p>\n<a href=\"https:\/\/volunteersfromschool.eu\/students-diaries-platform\/\" > veure els diaris <\/a>\n<img src=\"http:\/\/volunteersfromschool.eu\/wp-content\/uploads\/2023\/04\/volunteer-registring-ukrainian-refugees-at-train-s-2022-11-12-14-54-17-utc-scaled.jpg\" width=\"502\" height=\"302\" title=\"RESULTATS\" alt=\"RESULTATS\">\n<img src=\"http:\/\/volunteersfromschool.eu\/wp-content\/uploads\/2023\/04\/Picture1.jpg\" width=\"502\" height=\"302\" title=\"RESULTATS\" alt=\"RESULTATS\">\n<h2 style=\"text-align: center;\">Formaci\u00f3 del professorat<\/h2> <p style=\"text-align: center;\">La formaci\u00f3 de professors de \u201cVolunteers from School\u201d inclou un seguit de plans de formaci\u00f3. Aquestes formacions constitueixen un \u00fas innovador de continguts i eines digitals, ajuden a la transformaci\u00f3 digital del perfil professional dels participants i dels seus centres educatius i augmenten la seva capacitat i preparaci\u00f3 cap a una nova era digital en l'educaci\u00f3. Aquesta formaci\u00f3 ensenya als docents com motivar la participaci\u00f3 dels seus alumnes en la vida democr\u00e0tica, el comprom\u00eds social i c\u00edvic, adoptar i practicar els valors de la UE mitjan\u00e7ant el voluntariat.<\/p>\n<a href=\"https:\/\/volunteersfromschool.eu\/ca\/modules\/\" > VEURE EL CURS <\/a>\n<h2 style=\"text-align: center;\">Intercanvis escolars per a alumnes<\/h2> <p style=\"text-align: center;\">Dins el projecte \"Volunteers from School\" es realitzen dos intercanvis escolars d'alumnes. El primer t\u00e9 com a objtectiu que l'alumnat aprengui a crear un diari digital, desenvolupant eines digitals, de comunicaci\u00f3 i de gesti\u00f3 de projectes, aix\u00ed com a crear un esperit de valors compartits sobre com responsabilitzar-se per contribuir a la millora de la societat mitjan\u00e7ant la implicaci\u00f3 personal. El segon intercanvi t\u00e9 com a objectiu compartir, entre els alumnes de diferents centres educatius, les experi\u00e8ncies, emocions i lli\u00e7ons apreses durant la seva implicaci\u00f3 a VoterS.<\/p> <p style=\"text-align: center;\">Aquests intercanvis intensificaran la relaci\u00f3 circular entre aprenentatge i servei i demostraran com els estudiants que han experimentat i liderat accions de comprom\u00eds c\u00edvic han interioritzat aquest exercici actiu de ciutadania alhora que han adquirit nous coneixements i habilitats.<\/p>\n<img src=\"http:\/\/volunteersfromschool.eu\/wp-content\/uploads\/2023\/04\/happy-young-friends-stacking-hands-diverse-group-2022-08-11-00-05-14-utc-scaled.jpg\" width=\"525\" height=\"303\" title=\"RESULTATS\" alt=\"RESULTATS\">\n<p>Finan\u00e7at per la Uni\u00f3 Europea. Les opinions expressades s\u00f3n nom\u00e9s les de l'autor o autors i no reflecteixen necess\u00e0riament les de la Uni\u00f3 Europea o l'Ag\u00e8ncia Executiva Europea d'Educaci\u00f3 i Cultura (EACEA). Ni la Uni\u00f3 Europea ni l'EACEA se'n poden fer responsables.<\/p>\n<p>N\u00famero de projecte: 2022-1-ES01-KA220-SCH-000087095<\/p>\n<img src=\"http:\/\/volunteersfromschool.eu\/wp-content\/uploads\/2023\/04\/EU.png\" width=\"566\" height=\"119\" title=\"RESULTATS\" alt=\"RESULTATS\">","_links":{"self":[{"href":"https:\/\/volunteersfromschool.eu\/ca\/wp-json\/wp\/v2\/pages\/804","targetHints":{"allow":["GET"]}}],"collection":[{"href":"https:\/\/volunteersfromschool.eu\/ca\/wp-json\/wp\/v2\/pages"}],"about":[{"href":"https:\/\/volunteersfromschool.eu\/ca\/wp-json\/wp\/v2\/types\/page"}],"author":[{"embeddable":true,"href":"https:\/\/volunteersfromschool.eu\/ca\/wp-json\/wp\/v2\/users\/1"}],"replies":[{"embeddable":true,"href":"https:\/\/volunteersfromschool.eu\/ca\/wp-json\/wp\/v2\/comments?post=804"}],"version-history":[{"count":12,"href":"https:\/\/volunteersfromschool.eu\/ca\/wp-json\/wp\/v2\/pages\/804\/revisions"}],"predecessor-version":[{"id":3229,"href":"https:\/\/volunteersfromschool.eu\/ca\/wp-json\/wp\/v2\/pages\/804\/revisions\/3229"}],"wp:attachment":[{"href":"https:\/\/volunteersfromschool.eu\/ca\/wp-json\/wp\/v2\/media?parent=804"}],"curies":[{"name":"wp","href":"https:\/\/api.w.org\/{rel}","templated":true}]}}