{"id":883,"date":"2023-05-08T07:44:46","date_gmt":"2023-05-08T07:44:46","guid":{"rendered":"https:\/\/volunteersfromschool.eu\/news\/"},"modified":"2023-05-30T09:41:21","modified_gmt":"2023-05-30T09:41:21","slug":"news","status":"publish","type":"page","link":"https:\/\/volunteersfromschool.eu\/ca\/news\/","title":{"rendered":"NOT\u00cdCIES"},"content":{"rendered":"<!--themify_builder_content-->\n<div id=\"themify_builder_content-883\" data-postid=\"883\" class=\"themify_builder_content themify_builder_content-883 themify_builder tf_clear\">\n    \t\t\t<!-- module_row -->\n\t<div  data-lazy=\"1\" class=\"module_row themify_builder_row tb_y0ke909 tb_first tf_w tf_clearfix\">\n\t    \t\t\t<div class=\"row_inner col_align_top tb_col_count_1 tf_box tf_rel\">\n\t\t            <div  data-lazy=\"1\" class=\"module_column tb-column col-full tb_081r909 first\">\n                                                        <div class=\"tb-column-inner tf_box tf_w\">\n                        \t<div  data-lazy=\"1\" class=\"module_subrow themify_builder_sub_row tb_55jb910 tf_w tf_clearfix\">\n\t    \t\t\t<div class=\"subrow_inner col_align_top tb_col_count_1 tf_box tf_w\">\n\t\t            <div  data-lazy=\"1\" class=\"module_column sub_column col-full tb_k5s6910 first\">\n                                                        <div class=\"tb-column-inner tf_box tf_w\">\n                        <!-- module text -->\n<div  class=\"module module-text tb_xfre910   \" data-lazy=\"1\">\n        <div  class=\"tb_text_wrap\">\n    <h2>Noticies:<\/h2>    <\/div>\n<\/div>\n<!-- \/module text -->                    <\/div>\n                            <\/div>\n            \t    <\/div>\n\t<\/div><!-- \/themify_builder_sub_row -->\n\t\t<div  data-lazy=\"1\" class=\"module_subrow themify_builder_sub_row tb_9ihm910 tf_w tf_clearfix\">\n\t    \t\t\t<div class=\"subrow_inner col_align_top tb_col_count_1 tf_box tf_w\">\n\t\t            <div  data-lazy=\"1\" class=\"module_column sub_column col-full tb_csxc384 first\">\n                                                        <div class=\"tb-column-inner tf_box tf_w\">\n                        <!-- module post -->\n<div  class=\"module module-post tb_hfl5479 \">\n        <div  class=\"builder-posts-wrap loops-wrapper grid3 masonry classic tf_rel tf_clear tf_clearfix\" data-lazy=\"1\">\n\t<article id=\"post-907\" class=\"post tf_clearfix post-907 type-post status-publish format-standard hentry category-uncategorized-ca has-post-title has-post-date has-post-category has-post-tag has-post-comment has-post-author \">\n\t    \n\t\t<div class=\"post-content\">\n\t\t<div class=\"post-content-inner\">\n\n\t\t\t\t\t\t\t\t<div class=\"post-date-wrap post-date-inline\">\n\t\t<time class=\"post-date entry-date updated\" datetime=\"2023-04-28\">\n\t\t\t\t\t<span class=\"year\">abril 28, 2023<\/span>\n\t\t\t\t<\/time>\n\t<\/div><!-- .post-date-wrap -->\n\t\t\t\t\n\t\t\t<h2 class=\"post-title entry-title\"><a href=\"https:\/\/volunteersfromschool.eu\/ca\/kick-off-meeting\/\">Trobada d&#8217;inici<\/a><\/h2>\n\t\t\t\n\t\t\t\n\t\t\t\t<div class=\"entry-content\">\n\n        \n\t\t<p>Trobada d&#8217;inici<\/p>\n\n\t\t\n\t    \n\t<\/div><!-- \/.entry-content -->\n\t\n\t\t<\/div>\n\t\t<!-- \/.post-content-inner -->\n\t<\/div>\n\t<!-- \/.post-content -->\n\t\n<\/article>\n<!-- \/.post -->\n<\/div><!-- .builder-posts-wrap -->\n    <\/div>\n    <!-- \/module post -->\n                    <\/div>\n                            <\/div>\n            \t    <\/div>\n\t<\/div><!-- \/themify_builder_sub_row -->\n\t                    <\/div>\n                            <\/div>\n            \t    <\/div>\n\t    <!-- \/row_inner -->\n\t<\/div>\n\t<!-- \/module_row -->\n\t\t\t\t<!-- module_row -->\n\t<div  data-css_id=\"6yy2861\" data-lazy=\"1\" class=\"module_row themify_builder_row fullwidth tb_6yy2861 tf_w tf_clearfix\">\n\t    \t\t\t<div class=\"row_inner col_align_top tb_col_count_2 tf_box tf_rel\">\n\t\t            <div  data-lazy=\"1\" class=\"module_column tb-column col4-2 tb_amxs861 first\">\n                                                        <div class=\"tb-column-inner tf_box tf_w\">\n                        <!-- module text -->\n<div  class=\"module module-text tb_d350861  repeat \" data-lazy=\"1\">\n        <div  class=\"tb_text_wrap\">\n    <p>Finan\u00e7at per la Uni\u00f3 Europea. Les opinions expressades s\u00f3n nom\u00e9s les de l&#8217;autor o autors i no reflecteixen necess\u00e0riament les de la Uni\u00f3 Europea o l&#8217;Ag\u00e8ncia Executiva Europea d&#8217;Educaci\u00f3 i Cultura (EACEA). Ni la Uni\u00f3 Europea ni l&#8217;EACEA se&#8217;n poden fer responsables.<\/p>    <\/div>\n<\/div>\n<!-- \/module text -->                    <\/div>\n                            <\/div>\n                        <div  data-lazy=\"1\" class=\"module_column tb-column col4-2 tb_trh0861 last\">\n                                                        <div class=\"tb-column-inner tf_box tf_w\">\n                        <!-- module text -->\n<div  class=\"module module-text tb_zbww861  repeat \" data-lazy=\"1\">\n        <div  class=\"tb_text_wrap\">\n    <p>N\u00famero de projecte: 2022-1-ES01-KA220-SCH-000087095<\/p>    <\/div>\n<\/div>\n<!-- \/module text --><!-- module image -->\n<div  class=\"module module-image tb_l86q861   image-top tf_mw\" data-lazy=\"1\">\n        <div class=\"image-wrap tf_rel tf_mw\">\n\t\t    <img loading=\"lazy\" decoding=\"async\" src=\"http:\/\/volunteersfromschool.eu\/wp-content\/uploads\/2023\/04\/EU.png\" width=\"566\" height=\"119\" title=\"NOT\u00cdCIES\" alt=\"NOT\u00cdCIES\">\t\n\t\t<\/div>\n\t<!-- \/image-wrap -->\n    \n    \t<\/div>\n<!-- \/module image -->                    <\/div>\n                            <\/div>\n            \t    <\/div>\n\t    <!-- \/row_inner -->\n\t<\/div>\n\t<!-- \/module_row -->\n\t<\/div>\n<!--\/themify_builder_content-->\n\n\n<p><\/p>","protected":false},"excerpt":{"rendered":"","protected":false},"author":1,"featured_media":0,"parent":0,"menu_order":0,"comment_status":"closed","ping_status":"closed","template":"","meta":{"footnotes":""},"class_list":["post-883","page","type-page","status-publish","hentry","has-post-title","has-post-date","has-post-category","has-post-tag","has-post-comment","has-post-author",""],"builder_content":"<h2>Noticies:<\/h2>\n<p>Finan\u00e7at per la Uni\u00f3 Europea. Les opinions expressades s\u00f3n nom\u00e9s les de l'autor o autors i no reflecteixen necess\u00e0riament les de la Uni\u00f3 Europea o l'Ag\u00e8ncia Executiva Europea d'Educaci\u00f3 i Cultura (EACEA). Ni la Uni\u00f3 Europea ni l'EACEA se'n poden fer responsables.<\/p>\n<p>N\u00famero de projecte: 2022-1-ES01-KA220-SCH-000087095<\/p>\n<img src=\"http:\/\/volunteersfromschool.eu\/wp-content\/uploads\/2023\/04\/EU.png\" width=\"566\" height=\"119\" title=\"NOT\u00cdCIES\" alt=\"NOT\u00cdCIES\">","_links":{"self":[{"href":"https:\/\/volunteersfromschool.eu\/ca\/wp-json\/wp\/v2\/pages\/883","targetHints":{"allow":["GET"]}}],"collection":[{"href":"https:\/\/volunteersfromschool.eu\/ca\/wp-json\/wp\/v2\/pages"}],"about":[{"href":"https:\/\/volunteersfromschool.eu\/ca\/wp-json\/wp\/v2\/types\/page"}],"author":[{"embeddable":true,"href":"https:\/\/volunteersfromschool.eu\/ca\/wp-json\/wp\/v2\/users\/1"}],"replies":[{"embeddable":true,"href":"https:\/\/volunteersfromschool.eu\/ca\/wp-json\/wp\/v2\/comments?post=883"}],"version-history":[{"count":5,"href":"https:\/\/volunteersfromschool.eu\/ca\/wp-json\/wp\/v2\/pages\/883\/revisions"}],"predecessor-version":[{"id":893,"href":"https:\/\/volunteersfromschool.eu\/ca\/wp-json\/wp\/v2\/pages\/883\/revisions\/893"}],"wp:attachment":[{"href":"https:\/\/volunteersfromschool.eu\/ca\/wp-json\/wp\/v2\/media?parent=883"}],"curies":[{"name":"wp","href":"https:\/\/api.w.org\/{rel}","templated":true}]}}