{"id":754,"date":"2023-04-18T07:21:55","date_gmt":"2023-04-18T07:21:55","guid":{"rendered":"https:\/\/volunteersfromschool.eu\/home\/"},"modified":"2024-11-14T07:47:17","modified_gmt":"2024-11-14T07:47:17","slug":"home","status":"publish","type":"page","link":"https:\/\/volunteersfromschool.eu\/es\/","title":{"rendered":"INICIO"},"content":{"rendered":"<!--themify_builder_content-->\n<div id=\"themify_builder_content-754\" data-postid=\"754\" class=\"themify_builder_content themify_builder_content-754 themify_builder tf_clear\">\n    \t\t\t<!-- module_row -->\n\t<div  data-lazy=\"1\" class=\"module_row themify_builder_row tb_f9hm751 tb_first tf_w tf_clearfix\">\n\t    \t\t\t<div class=\"row_inner col_align_middle tb_col_count_2 tf_box tf_rel\">\n\t\t            <div  data-lazy=\"1\" class=\"module_column tb-column col3-1 tb_rtbr751 first\">\n                                                        <div class=\"tb-column-inner tf_box tf_w\">\n                        <!-- module text -->\n<div  class=\"module module-text tb_nsq6751   \" data-lazy=\"1\">\n        <div  class=\"tb_text_wrap\">\n    <h1 style=\"text-align: left;\"><span class=\"TextRun SCXW200166632 BCX9\" lang=\"EN-US\" xml:lang=\"EN-US\" data-contrast=\"none\"><span class=\"NormalTextRun SCXW200166632 BCX9\">Voluntarios de la escuela<\/span><\/span><span class=\"EOP SCXW200166632 BCX9\" data-ccp-props=\"{&quot;201341983&quot;:0,&quot;335551550&quot;:2,&quot;335551620&quot;:2,&quot;335559739&quot;:160,&quot;335559740&quot;:259}\">\u00a0<\/span><\/h1>    <\/div>\n<\/div>\n<!-- \/module text --><!-- module text -->\n<div  class=\"module module-text tb_y0ay751   \" data-lazy=\"1\">\n        <div  class=\"tb_text_wrap\">\n    <p>Ofrecer a los estudiantes la oportunidad de desarrollar su sentido de ciudadan\u00eda activa y aprender a asumir la responsabilidad de contribuir a la mejora de la sociedad mediante la implicaci\u00f3n personal.<\/p>    <\/div>\n<\/div>\n<!-- \/module text -->                    <\/div>\n                            <\/div>\n                        <div  data-lazy=\"1\" class=\"module_column tb-column col3-2 tb_asa6752 last\">\n                                                        <div class=\"tb-column-inner tf_box tf_w\">\n                        <!-- module image -->\n<div  class=\"module module-image tb_bawv752   image-top tf_mw\" data-lazy=\"1\" data-lax-translate-y=\"(vh*1) 0,(vh*0) -70\" data-lax=\"true\">\n        <div class=\"image-wrap tf_rel tf_mw\">\n\t\t    <img loading=\"lazy\" decoding=\"async\" src=\"http:\/\/volunteersfromschool.eu\/wp-content\/uploads\/2023\/04\/home.jpg\" width=\"800\" height=\"897\" title=\"INICIO\" alt=\"INICIO\">\t\n\t\t<\/div>\n\t<!-- \/image-wrap -->\n    \n    \t<\/div>\n<!-- \/module image -->                    <\/div>\n                            <\/div>\n            \t    <\/div>\n\t    <!-- \/row_inner -->\n\t<\/div>\n\t<!-- \/module_row -->\n\t\t\t\t<!-- module_row -->\n\t<div  data-lazy=\"1\" class=\"module_row themify_builder_row tb_z4jf417 tf_w tf_clearfix\">\n\t    \t\t\t<div class=\"row_inner col_align_top tb_col_count_1 tf_box tf_rel\">\n\t\t            <div  data-lazy=\"1\" class=\"module_column tb-column col-full tb_h84v418 first\">\n                                                        <div class=\"tb-column-inner tf_box tf_w\">\n                        <!-- module fancy heading -->\n<div  class=\"module module-fancy-heading tb_003m627  tb_hide_divider\" data-lazy=\"1\">\n        <h1 class=\"fancy-heading\">\n    <span class=\"main-head tf_block\">\n\t\t\t\t\tResultados\t\t    <\/span>\n\n\t\n    <span class=\"sub-head tf_block tf_rel\">\n\t\t\t\t\t\t\t    <\/span>\n    <\/h1>\n<\/div>\n<!-- \/module fancy heading -->\n                    <\/div>\n                            <\/div>\n            \t    <\/div>\n\t    <!-- \/row_inner -->\n\t<\/div>\n\t<!-- \/module_row -->\n\t\t\t\t<!-- module_row -->\n\t<div  data-lazy=\"1\" class=\"module_row themify_builder_row tb_ocnw752 tf_w tf_clearfix\">\n\t    \t\t\t<div class=\"row_inner col_align_top col_auto_height tb_col_count_3 tf_box tf_rel\">\n\t\t            <div  data-lazy=\"1\" class=\"module_column tb-column col3-1 tb_md70752 first\">\n                    <div class=\"builder_row_cover tf_abs\"><\/div>                                    <div class=\"tb-column-inner tf_box tf_w\">\n                        <!-- module text -->\n<div  class=\"module module-text tb_mxt4708  repeat \" data-lazy=\"1\">\n        <div  class=\"tb_text_wrap\">\n    <h3>Formaci\u00f3n de profesores<\/h3>    <\/div>\n<\/div>\n<!-- \/module text --><!-- module divider -->\n<div  class=\"module tf_mw module-divider tb_ag6h779 solid  divider-custom divider-center\" style=\"border-width: 1px;border-color: #000000;margin-top: 10px;margin-bottom: 20px;width: 100px;\" data-lazy=\"1\">\n    <\/div>\n<!-- \/module divider -->\n<!-- module buttons -->\n<div  class=\"module module-buttons tb_yo49499 buttons-horizontal solid  buttons-fullwidth\" data-lazy=\"1\" id=\"homeButtons-2-3\">\n    \t<div class=\"module-buttons-item tf_inline_b\">\n\t\t\t\t\t\t\t<a href=\"\/es\/results#training-teachers\" class=\"ui builder_button yellow\"  id=\"homeButtons\">\n\t\t\t\t\t\t\t\t\t\t\t<span class=\"tf_inline_b tf_vmiddle\">VER EL CURSO <\/span>\n\t\t\t\t\t\t\t\t\t\t\t<\/a>\n\t\t\t    \t<\/div>\n    <\/div>\n<!-- \/module buttons -->\n                    <\/div>\n                            <\/div>\n                        <div  data-lazy=\"1\" class=\"module_column tb-column col3-1 tb_dvqc752\">\n                    <div class=\"builder_row_cover tf_abs\"><\/div>                                    <div class=\"tb-column-inner tf_box tf_w\">\n                        <!-- module text -->\n<div  class=\"module module-text tb_29qf752  repeat \" data-lazy=\"1\">\n        <div  class=\"tb_text_wrap\">\n    <h3>Intercambio escolar para estudiantes<\/h3>    <\/div>\n<\/div>\n<!-- \/module text --><!-- module divider -->\n<div  class=\"module tf_mw module-divider tb_lw6e752 solid  divider-custom divider-center\" style=\"border-width: 1px;border-color: #000000;margin-top: 10px;margin-bottom: 20px;width: 100px;\" data-lazy=\"1\">\n    <\/div>\n<!-- \/module divider -->\n<!-- module buttons -->\n<div  class=\"module module-buttons tb_t2zm88 buttons-horizontal solid  buttons-fullwidth\" data-lazy=\"1\" id=\"homeButtons-2\">\n    \t<div class=\"module-buttons-item tf_inline_b\">\n\t\t\t\t\t\t\t<a href=\"\/es\/results#school-exchange\" class=\"ui builder_button yellow\"  id=\"homeButtons\">\n\t\t\t\t\t\t\t\t\t\t\t<span class=\"tf_inline_b tf_vmiddle\">Inf\u00f3rmese sobre los intercambios<\/span>\n\t\t\t\t\t\t\t\t\t\t\t<\/a>\n\t\t\t    \t<\/div>\n    <\/div>\n<!-- \/module buttons -->\n                    <\/div>\n                            <\/div>\n                        <div  data-lazy=\"1\" class=\"module_column tb-column col3-1 tb_9o0w752 last\">\n                    <div class=\"builder_row_cover tf_abs\"><\/div>                                    <div class=\"tb-column-inner tf_box tf_w\">\n                        <!-- module text -->\n<div  class=\"module module-text tb_o2go653  repeat \" data-lazy=\"1\">\n        <div  class=\"tb_text_wrap\">\n    <h3>Plataforma Diarios de estudiante<\/h3>    <\/div>\n<\/div>\n<!-- \/module text --><!-- module divider -->\n<div  class=\"module tf_mw module-divider tb_u06s699 solid  divider-custom divider-center\" style=\"border-width: 1px;border-color: #000000;margin-top: 10px;margin-bottom: 20px;width: 100px;\" data-lazy=\"1\">\n    <\/div>\n<!-- \/module divider -->\n<!-- module buttons -->\n<div  class=\"module module-buttons tb_tpg9812 buttons-horizontal solid  buttons-fullwidth\" data-lazy=\"1\" id=\"homeButtons-2-3-2\">\n    \t<div class=\"module-buttons-item tf_inline_b\">\n\t\t\t\t\t\t\t<a href=\"\/es\/results#student-diaries\" class=\"ui builder_button yellow\"  id=\"homeButtons\">\n\t\t\t\t\t\t\t\t\t\t\t<span class=\"tf_inline_b tf_vmiddle\">M\u00e1s informaci\u00f3n sobre la plataforma <\/span>\n\t\t\t\t\t\t\t\t\t\t\t<\/a>\n\t\t\t    \t<\/div>\n    <\/div>\n<!-- \/module buttons -->\n                    <\/div>\n                            <\/div>\n            \t    <\/div>\n\t    <!-- \/row_inner -->\n\t<\/div>\n\t<!-- \/module_row -->\n\t\t\t\t<!-- module_row -->\n\t<div  data-lazy=\"1\" class=\"module_row themify_builder_row tb_exye423 tf_w tf_clearfix\">\n\t    \t\t\t<div class=\"row_inner col_align_top tb_col_count_1 tf_box tf_rel\">\n\t\t            <div  data-lazy=\"1\" class=\"module_column tb-column col-full tb_sxc4423 first\">\n                                                        <div class=\"tb-column-inner tf_box tf_w\">\n                        \t<div  data-lazy=\"1\" class=\"module_subrow themify_builder_sub_row tb_hnzm116 tf_w tf_clearfix\">\n\t    \t\t\t<div class=\"subrow_inner col_align_top tb_col_count_1 tf_box tf_w\">\n\t\t            <div  data-lazy=\"1\" class=\"module_column sub_column col-full tb_czt4116 first\">\n                                                        <div class=\"tb-column-inner tf_box tf_w\">\n                        <!-- module text -->\n<div  class=\"module module-text tb_vnk9356   \" data-lazy=\"1\">\n        <div  class=\"tb_text_wrap\">\n    <h2>\u00daltimas noticias :<\/h2>    <\/div>\n<\/div>\n<!-- \/module text -->                    <\/div>\n                            <\/div>\n            \t    <\/div>\n\t<\/div><!-- \/themify_builder_sub_row -->\n\t\t<div  data-lazy=\"1\" class=\"module_subrow themify_builder_sub_row tb_pkvt928 tf_w tf_clearfix\">\n\t    \t\t\t<div class=\"subrow_inner col_align_top tb_col_count_1 tf_box tf_w\">\n\t\t            <div  data-lazy=\"1\" class=\"module_column sub_column col-full tb_e54l929 first\">\n                                                        <div class=\"tb-column-inner tf_box tf_w\">\n                        <!-- module post -->\n<div  class=\"module module-post tb_td6f493 \">\n        <div  class=\"builder-posts-wrap loops-wrapper list-large-image overlay tf_clear tf_clearfix\" data-lazy=\"1\">\n\t<article id=\"post-910\" class=\"post tf_clearfix post-910 type-post status-publish format-standard hentry category-sin-categorizar has-post-title no-post-date no-post-category no-post-tag no-post-comment no-post-author \">\n\t    \n\t\t<div class=\"post-content\">\n\t\t<div class=\"post-content-inner\">\n\n\t\t\t\n\t\t\t<h2 class=\"post-title entry-title\"><a href=\"https:\/\/volunteersfromschool.eu\/es\/kick-off-meeting\/\">Reuni\u00f3n Inicial<\/a><\/h2>\n\t\t\t\t\t\t\t<p class=\"post-meta entry-meta\">\n\t\t\t\t\t\n\t\t\t\t\t\n\t\t\t\t\t\n\t\t\t\t\t\t\t\t\t<\/p>\n\t\t\t\t<!-- \/post-meta -->\n\t\t\t\n\t\t\t\n\t\t\t\t<div class=\"entry-content\">\n\n        \n\t<\/div><!-- \/.entry-content -->\n\t\n\t\t<\/div>\n\t\t<!-- \/.post-content-inner -->\n\t<\/div>\n\t<!-- \/.post-content -->\n\t\n<\/article>\n<!-- \/.post -->\n<\/div><!-- .builder-posts-wrap -->\n                    <\/div>\n    <!-- \/module post -->\n                    <\/div>\n                            <\/div>\n            \t    <\/div>\n\t<\/div><!-- \/themify_builder_sub_row -->\n\t                    <\/div>\n                            <\/div>\n            \t    <\/div>\n\t    <!-- \/row_inner -->\n\t<\/div>\n\t<!-- \/module_row -->\n\t\t\t\t<!-- module_row -->\n\t<div  data-css_id=\"5k9z728\" data-lazy=\"1\" class=\"module_row themify_builder_row fullwidth tb_5k9z728 tf_w tf_clearfix\">\n\t    \t\t\t<div class=\"row_inner col_align_top tb_col_count_2 tf_box tf_rel\">\n\t\t            <div  data-lazy=\"1\" class=\"module_column tb-column col4-2 tb_e0t8728 first\">\n                                                        <div class=\"tb-column-inner tf_box tf_w\">\n                        <!-- module text -->\n<div  class=\"module module-text tb_pa92719  repeat \" data-lazy=\"1\">\n        <div  class=\"tb_text_wrap\">\n    <p>Financiado por la Uni\u00f3n Europea. No obstante, los puntos de vista y opiniones expresados son exclusivamente los del autor o autores y no reflejan necesariamente los de la Uni\u00f3n Europea ni los de la Agencia Ejecutiva en el \u00c1mbito Educativo y Cultural Europeo (EACEA). Ni la Uni\u00f3n Europea ni la EACEA pueden ser consideradas responsables de las mismas.<\/p>    <\/div>\n<\/div>\n<!-- \/module text -->                    <\/div>\n                            <\/div>\n                        <div  data-lazy=\"1\" class=\"module_column tb-column col4-2 tb_hbew728 last\">\n                                                        <div class=\"tb-column-inner tf_box tf_w\">\n                        <!-- module text -->\n<div  class=\"module module-text tb_pxzd881  repeat \" data-lazy=\"1\">\n        <div  class=\"tb_text_wrap\">\n    <p>\u039d\u00famero de proyecto: 2022-1-ES01-KA220-SCH-000087095<\/p>    <\/div>\n<\/div>\n<!-- \/module text --><!-- module image -->\n<div  class=\"module module-image tb_mml7996   image-top tf_mw\" data-lazy=\"1\">\n        <div class=\"image-wrap tf_rel tf_mw\">\n\t\t    <img loading=\"lazy\" decoding=\"async\" src=\"http:\/\/volunteersfromschool.eu\/wp-content\/uploads\/2023\/04\/EU.png\" width=\"566\" height=\"119\" title=\"INICIO\" alt=\"INICIO\">\t\n\t\t<\/div>\n\t<!-- \/image-wrap -->\n    \n    \t<\/div>\n<!-- \/module image -->                    <\/div>\n                            <\/div>\n            \t    <\/div>\n\t    <!-- \/row_inner -->\n\t<\/div>\n\t<!-- \/module_row -->\n\t<\/div>\n<!--\/themify_builder_content-->","protected":false},"excerpt":{"rendered":"<p>Voluntarios de la escuela\u00a0<\/p>\n","protected":false},"author":1,"featured_media":0,"parent":0,"menu_order":0,"comment_status":"closed","ping_status":"closed","template":"","meta":{"footnotes":""},"class_list":["post-754","page","type-page","status-publish","hentry","has-post-title","has-post-date","has-post-category","has-post-tag","has-post-comment","has-post-author",""],"builder_content":"<h1 style=\"text-align: left;\">Voluntarios de la escuela\u00a0<\/h1>\n<p>Ofrecer a los estudiantes la oportunidad de desarrollar su sentido de ciudadan\u00eda activa y aprender a asumir la responsabilidad de contribuir a la mejora de la sociedad mediante la implicaci\u00f3n personal.<\/p>\n<img src=\"http:\/\/volunteersfromschool.eu\/wp-content\/uploads\/2023\/04\/home.jpg\" width=\"800\" height=\"897\" title=\"INICIO\" alt=\"INICIO\">\n<h1>Resultados<br\/><\/h1>\n<h3>Formaci\u00f3n de profesores<\/h3>\n\n<a href=\"\/es\/results#training-teachers\" id=\"homeButtons\"> VER EL CURSO <\/a>\n<h3>Intercambio escolar para estudiantes<\/h3>\n\n<a href=\"\/es\/results#school-exchange\" id=\"homeButtons\"> Inf\u00f3rmese sobre los intercambios <\/a>\n<h3>Plataforma Diarios de estudiante<\/h3>\n\n<a href=\"\/es\/results#student-diaries\" id=\"homeButtons\"> M\u00e1s informaci\u00f3n sobre la plataforma <\/a>\n<h2>\u00daltimas noticias :<\/h2>\n<p>Financiado por la Uni\u00f3n Europea. No obstante, los puntos de vista y opiniones expresados son exclusivamente los del autor o autores y no reflejan necesariamente los de la Uni\u00f3n Europea ni los de la Agencia Ejecutiva en el \u00c1mbito Educativo y Cultural Europeo (EACEA). Ni la Uni\u00f3n Europea ni la EACEA pueden ser consideradas responsables de las mismas.<\/p>\n<p>\u039d\u00famero de proyecto: 2022-1-ES01-KA220-SCH-000087095<\/p>\n<img src=\"http:\/\/volunteersfromschool.eu\/wp-content\/uploads\/2023\/04\/EU.png\" width=\"566\" height=\"119\" title=\"INICIO\" alt=\"INICIO\">","_links":{"self":[{"href":"https:\/\/volunteersfromschool.eu\/es\/wp-json\/wp\/v2\/pages\/754","targetHints":{"allow":["GET"]}}],"collection":[{"href":"https:\/\/volunteersfromschool.eu\/es\/wp-json\/wp\/v2\/pages"}],"about":[{"href":"https:\/\/volunteersfromschool.eu\/es\/wp-json\/wp\/v2\/types\/page"}],"author":[{"embeddable":true,"href":"https:\/\/volunteersfromschool.eu\/es\/wp-json\/wp\/v2\/users\/1"}],"replies":[{"embeddable":true,"href":"https:\/\/volunteersfromschool.eu\/es\/wp-json\/wp\/v2\/comments?post=754"}],"version-history":[{"count":15,"href":"https:\/\/volunteersfromschool.eu\/es\/wp-json\/wp\/v2\/pages\/754\/revisions"}],"predecessor-version":[{"id":3037,"href":"https:\/\/volunteersfromschool.eu\/es\/wp-json\/wp\/v2\/pages\/754\/revisions\/3037"}],"wp:attachment":[{"href":"https:\/\/volunteersfromschool.eu\/es\/wp-json\/wp\/v2\/media?parent=754"}],"curies":[{"name":"wp","href":"https:\/\/api.w.org\/{rel}","templated":true}]}}