{"id":782,"date":"2023-04-26T09:34:08","date_gmt":"2023-04-26T09:34:08","guid":{"rendered":"https:\/\/volunteersfromschool.eu\/about\/"},"modified":"2023-05-29T07:10:57","modified_gmt":"2023-05-29T07:10:57","slug":"about","status":"publish","type":"page","link":"https:\/\/volunteersfromschool.eu\/es\/about\/","title":{"rendered":"EL PROYECTO"},"content":{"rendered":"<!--themify_builder_content-->\n<div id=\"themify_builder_content-782\" data-postid=\"782\" class=\"themify_builder_content themify_builder_content-782 themify_builder tf_clear\">\n    \t\t\t<!-- module_row -->\n\t<div  data-css_id=\"msqy747\" data-lazy=\"1\" class=\"module_row themify_builder_row fullwidth_row_container tb_msqy747 tb_first tf_w tf_clearfix\">\n\t    <div class=\"builder_row_cover tf_abs\"><\/div>\t\t\t<div class=\"row_inner col_align_top tb_col_count_1 tf_box tf_rel\">\n\t\t            <div  data-lazy=\"1\" class=\"module_column tb-column col-full tb_m60a747 first\">\n                                                        <div class=\"tb-column-inner tf_box tf_w\">\n                        <!-- module text -->\n<div  class=\"module module-text tb_6uel747  repeat \" data-lazy=\"1\">\n        <div  class=\"tb_text_wrap\">\n    <h1>El Proyecto<\/h1>    <\/div>\n<\/div>\n<!-- \/module text -->                    <\/div>\n                            <\/div>\n            \t    <\/div>\n\t    <!-- \/row_inner -->\n\t<\/div>\n\t<!-- \/module_row -->\n\t\t\t\t<!-- module_row -->\n\t<div  data-css_id=\"13sz747\" data-lazy=\"1\" class=\"module_row themify_builder_row fullwidth_row_container tb_13sz747 tf_w tf_clearfix\">\n\t    \t\t\t<div class=\"row_inner col_align_top tb_col_count_2 tf_box tf_rel\">\n\t\t            <div  data-lazy=\"1\" class=\"module_column tb-column col4-2 tb_fw17747 first\">\n                                                        <div class=\"tb-column-inner tf_box tf_w\">\n                        <!-- module text -->\n<div  class=\"module module-text tb_j24f747  repeat \" data-lazy=\"1\">\n        <div  class=\"tb_text_wrap\">\n    <div class=\"ewa-rteLine\">A trav\u00e9s del proyecto VoterS pretendemos combinar el aprendizaje y el servicio a la comunidad, y crear ciudadanos pensantes, activos y responsables.<\/div>\n<div class=\"ewa-rteLine\">\u00a0<\/div>\n<p>En el proceso ofreceremos a todos los participantes, profesores, alumnos y centros escolares, las habilidades necesarias para practicar responsablemente las normas de convivencia en una sociedad democr\u00e1tica, asumiendo sus responsabilidades como ciudadanos europeos. Dado que los estudiantes de secundaria son los primeros que terminar\u00e1n sus estudios y contribuir\u00e1n a la sociedad en los pr\u00f3ximos dos a\u00f1os, su preparaci\u00f3n es esencial, no para un futuro lejano e impredecible, sino para el ma\u00f1ana, cuando la adversidad llama a nuestra puerta de forma tan evidente.<\/p>    <\/div>\n<\/div>\n<!-- \/module text --><!-- module image -->\n<div  class=\"module module-image tb_al09770   image-top tf_mw\" data-lazy=\"1\">\n        <div class=\"image-wrap tf_rel tf_mw\">\n\t\t    <img loading=\"lazy\" decoding=\"async\" src=\"http:\/\/volunteersfromschool.eu\/wp-content\/uploads\/2023\/04\/hands-of-young-people-joined-in-circle-2022-12-16-08-50-15-utc-scaled.jpg\" width=\"554\" height=\"305\" title=\"EL PROYECTO\" alt=\"EL PROYECTO\">\t\n\t\t<\/div>\n\t<!-- \/image-wrap -->\n    \n    \t<\/div>\n<!-- \/module image -->                    <\/div>\n                            <\/div>\n                        <div  data-lazy=\"1\" class=\"module_column tb-column col4-2 tb_kb43747 last\">\n                                                        <div class=\"tb-column-inner tf_box tf_w\">\n                        <!-- module image -->\n<div  class=\"module module-image tb_urlg411   image-top tf_mw\" data-lazy=\"1\">\n        <div class=\"image-wrap tf_rel tf_mw\">\n\t\t    <img loading=\"lazy\" decoding=\"async\" src=\"http:\/\/volunteersfromschool.eu\/wp-content\/uploads\/2023\/04\/group-of-young-people-sitting-at-table-reading-boo-2022-02-02-05-07-19-utc-scaled.jpg\" width=\"554\" height=\"325\" title=\"EL PROYECTO\" alt=\"EL PROYECTO\">\t\n\t\t<\/div>\n\t<!-- \/image-wrap -->\n    \n    \t<\/div>\n<!-- \/module image --><!-- module text -->\n<div  class=\"module module-text tb_d0ze747  repeat \" data-lazy=\"1\">\n        <div  class=\"tb_text_wrap\">\n    <p>Los resultados de este proyecto servir\u00e1n para demostrar la solidaridad europea, nuestros valores democr\u00e1ticos, la responsabilidad, la perseverancia y la aplicaci\u00f3n de todo ello en un mundo digital.<\/p>\n<p>Los profesores desarrollar\u00e1n la capacidad de llegar a los alumnos e inspirarlos, incluso desde lejos, los alumnos mejorar\u00e1n su pensamiento cr\u00edtico y su sentido de la responsabilidad y, adem\u00e1s, aprender\u00e1n las habilidades de gesti\u00f3n de proyectos para ejercer el voluntariado de forma estructurada y con impacto.<\/p>\n<p>Las escuelas, los padres, las ONG locales y las comunidades locales recibir\u00e1n las herramientas para cooperar como nunca antes lo hab\u00edan hecho. Ahora, m\u00e1s que nunca, un proyecto sobre voluntariado es necesario para aplicar el cambio.<\/p>    <\/div>\n<\/div>\n<!-- \/module text -->                    <\/div>\n                            <\/div>\n            \t    <\/div>\n\t    <!-- \/row_inner -->\n\t<\/div>\n\t<!-- \/module_row -->\n\t\t\t\t<!-- module_row -->\n\t<div  data-css_id=\"0u6v513\" data-lazy=\"1\" class=\"module_row themify_builder_row fullwidth tb_0u6v513 tf_w tf_clearfix\">\n\t    \t\t\t<div class=\"row_inner col_align_top tb_col_count_2 tf_box tf_rel\">\n\t\t            <div  data-lazy=\"1\" class=\"module_column tb-column col4-2 tb_8hqr514 first\">\n                                                        <div class=\"tb-column-inner tf_box tf_w\">\n                        <!-- module text -->\n<div  class=\"module module-text tb_2hkn514  repeat \" data-lazy=\"1\">\n        <div  class=\"tb_text_wrap\">\n    <p>Financiado por la Uni\u00f3n Europea. No obstante, los puntos de vista y opiniones expresados son exclusivamente los del autor o autores y no reflejan necesariamente los de la Uni\u00f3n Europea ni los de la Agencia Ejecutiva en el \u00c1mbito Educativo y Cultural Europeo (EACEA). Ni la Uni\u00f3n Europea ni la EACEA pueden ser consideradas responsables de las mismas.<\/p>    <\/div>\n<\/div>\n<!-- \/module text -->                    <\/div>\n                            <\/div>\n                        <div  data-lazy=\"1\" class=\"module_column tb-column col4-2 tb_eibu514 last\">\n                                                        <div class=\"tb-column-inner tf_box tf_w\">\n                        <!-- module text -->\n<div  class=\"module module-text tb_hoqs514  repeat \" data-lazy=\"1\">\n        <div  class=\"tb_text_wrap\">\n    <p>\u039d\u00famero de proyecto: 2022-1-ES01-KA220-SCH-000087095<\/p>    <\/div>\n<\/div>\n<!-- \/module text --><!-- module image -->\n<div  class=\"module module-image tb_c20a514   image-top tf_mw\" data-lazy=\"1\">\n        <div class=\"image-wrap tf_rel tf_mw\">\n\t\t    <img loading=\"lazy\" decoding=\"async\" src=\"http:\/\/volunteersfromschool.eu\/wp-content\/uploads\/2023\/04\/EU.png\" width=\"566\" height=\"119\" title=\"EL PROYECTO\" alt=\"EL PROYECTO\">\t\n\t\t<\/div>\n\t<!-- \/image-wrap -->\n    \n    \t<\/div>\n<!-- \/module image -->                    <\/div>\n                            <\/div>\n            \t    <\/div>\n\t    <!-- \/row_inner -->\n\t<\/div>\n\t<!-- \/module_row -->\n\t<\/div>\n<!--\/themify_builder_content-->","protected":false},"excerpt":{"rendered":"<p>El Proyecto<\/p>\n","protected":false},"author":1,"featured_media":0,"parent":0,"menu_order":0,"comment_status":"closed","ping_status":"closed","template":"","meta":{"footnotes":""},"class_list":["post-782","page","type-page","status-publish","hentry","has-post-title","has-post-date","has-post-category","has-post-tag","has-post-comment","has-post-author",""],"builder_content":"<h1>El Proyecto<\/h1>\nA trav\u00e9s del proyecto VoterS pretendemos combinar el aprendizaje y el servicio a la comunidad, y crear ciudadanos pensantes, activos y responsables. \u00a0 <p>En el proceso ofreceremos a todos los participantes, profesores, alumnos y centros escolares, las habilidades necesarias para practicar responsablemente las normas de convivencia en una sociedad democr\u00e1tica, asumiendo sus responsabilidades como ciudadanos europeos. Dado que los estudiantes de secundaria son los primeros que terminar\u00e1n sus estudios y contribuir\u00e1n a la sociedad en los pr\u00f3ximos dos a\u00f1os, su preparaci\u00f3n es esencial, no para un futuro lejano e impredecible, sino para el ma\u00f1ana, cuando la adversidad llama a nuestra puerta de forma tan evidente.<\/p>\n<img src=\"http:\/\/volunteersfromschool.eu\/wp-content\/uploads\/2023\/04\/hands-of-young-people-joined-in-circle-2022-12-16-08-50-15-utc-scaled.jpg\" width=\"554\" height=\"305\" title=\"EL PROYECTO\" alt=\"EL PROYECTO\">\n<img src=\"http:\/\/volunteersfromschool.eu\/wp-content\/uploads\/2023\/04\/group-of-young-people-sitting-at-table-reading-boo-2022-02-02-05-07-19-utc-scaled.jpg\" width=\"554\" height=\"325\" title=\"EL PROYECTO\" alt=\"EL PROYECTO\">\n<p>Los resultados de este proyecto servir\u00e1n para demostrar la solidaridad europea, nuestros valores democr\u00e1ticos, la responsabilidad, la perseverancia y la aplicaci\u00f3n de todo ello en un mundo digital.<\/p> <p>Los profesores desarrollar\u00e1n la capacidad de llegar a los alumnos e inspirarlos, incluso desde lejos, los alumnos mejorar\u00e1n su pensamiento cr\u00edtico y su sentido de la responsabilidad y, adem\u00e1s, aprender\u00e1n las habilidades de gesti\u00f3n de proyectos para ejercer el voluntariado de forma estructurada y con impacto.<\/p> <p>Las escuelas, los padres, las ONG locales y las comunidades locales recibir\u00e1n las herramientas para cooperar como nunca antes lo hab\u00edan hecho. Ahora, m\u00e1s que nunca, un proyecto sobre voluntariado es necesario para aplicar el cambio.<\/p>\n<p>Financiado por la Uni\u00f3n Europea. No obstante, los puntos de vista y opiniones expresados son exclusivamente los del autor o autores y no reflejan necesariamente los de la Uni\u00f3n Europea ni los de la Agencia Ejecutiva en el \u00c1mbito Educativo y Cultural Europeo (EACEA). Ni la Uni\u00f3n Europea ni la EACEA pueden ser consideradas responsables de las mismas.<\/p>\n<p>\u039d\u00famero de proyecto: 2022-1-ES01-KA220-SCH-000087095<\/p>\n<img src=\"http:\/\/volunteersfromschool.eu\/wp-content\/uploads\/2023\/04\/EU.png\" width=\"566\" height=\"119\" title=\"EL PROYECTO\" alt=\"EL PROYECTO\">","_links":{"self":[{"href":"https:\/\/volunteersfromschool.eu\/es\/wp-json\/wp\/v2\/pages\/782","targetHints":{"allow":["GET"]}}],"collection":[{"href":"https:\/\/volunteersfromschool.eu\/es\/wp-json\/wp\/v2\/pages"}],"about":[{"href":"https:\/\/volunteersfromschool.eu\/es\/wp-json\/wp\/v2\/types\/page"}],"author":[{"embeddable":true,"href":"https:\/\/volunteersfromschool.eu\/es\/wp-json\/wp\/v2\/users\/1"}],"replies":[{"embeddable":true,"href":"https:\/\/volunteersfromschool.eu\/es\/wp-json\/wp\/v2\/comments?post=782"}],"version-history":[{"count":10,"href":"https:\/\/volunteersfromschool.eu\/es\/wp-json\/wp\/v2\/pages\/782\/revisions"}],"predecessor-version":[{"id":808,"href":"https:\/\/volunteersfromschool.eu\/es\/wp-json\/wp\/v2\/pages\/782\/revisions\/808"}],"wp:attachment":[{"href":"https:\/\/volunteersfromschool.eu\/es\/wp-json\/wp\/v2\/media?parent=782"}],"curies":[{"name":"wp","href":"https:\/\/api.w.org\/{rel}","templated":true}]}}