{"id":807,"date":"2023-04-26T12:41:33","date_gmt":"2023-04-26T12:41:33","guid":{"rendered":"https:\/\/volunteersfromschool.eu\/results\/"},"modified":"2024-12-09T08:03:55","modified_gmt":"2024-12-09T08:03:55","slug":"results","status":"publish","type":"page","link":"https:\/\/volunteersfromschool.eu\/es\/results\/","title":{"rendered":"RESULTADOS"},"content":{"rendered":"<!--themify_builder_content-->\n<div id=\"themify_builder_content-807\" data-postid=\"807\" class=\"themify_builder_content themify_builder_content-807 themify_builder tf_clear\">\n    \t\t\t<!-- module_row -->\n\t<div  data-css_id=\"jmsv459\" data-lazy=\"1\" class=\"module_row themify_builder_row fullwidth_row_container tb_jmsv459 tb_first tf_w tf_clearfix\">\n\t    <div class=\"tb_row_frame_wrap tf_overflow tf_abs\" data-lazy=\"1\"><div class=\"tb_row_frame tb_row_frame_bottom in_front tf_abs tf_hide tf_overflow tf_w\"><\/div><\/div>\t\t\t<div class=\"row_inner col_align_top tb_col_count_3 tf_box tf_rel\">\n\t\t            <div  data-lazy=\"1\" class=\"module_column tb-column col3-1 tb_pqou459 first\">\n                                                <\/div>\n                        <div  data-lazy=\"1\" class=\"module_column tb-column col3-1 tb_13qp590\">\n                                                        <div class=\"tb-column-inner tf_box tf_w\">\n                        <!-- module text -->\n<div  class=\"module module-text tb_34vw459  repeat \" data-lazy=\"1\">\n        <div  class=\"tb_text_wrap\">\n    <h1 style=\"text-align: center;\">Resultados<\/h1>    <\/div>\n<\/div>\n<!-- \/module text -->                    <\/div>\n                            <\/div>\n                        <div  data-lazy=\"1\" class=\"module_column tb-column col3-1 tb_itrs460 last\">\n                                                <\/div>\n            \t    <\/div>\n\t    <!-- \/row_inner -->\n\t<\/div>\n\t<!-- \/module_row -->\n\t\t\t\t<!-- module_row -->\n\t<div  data-css_id=\"gtud459\" data-lazy=\"1\" class=\"module_row themify_builder_row fullwidth_row_container tb_gtud459 tf_w tf_clearfix\">\n\t    <div class=\"tb_row_frame_wrap tf_overflow tf_abs\" data-lazy=\"1\"><div class=\"tb_row_frame tb_row_frame_top  tf_abs tf_hide tf_overflow tf_w\"><\/div><div class=\"tb_row_frame tb_row_frame_bottom  tf_abs tf_hide tf_overflow tf_w\"><\/div><\/div>\t\t\t<div class=\"row_inner col_align_top tb_col_count_1 tf_box tf_rel\">\n\t\t            <div  data-lazy=\"1\" class=\"module_column tb-column col-full tb_qwqx459 first\">\n                                                <\/div>\n            \t    <\/div>\n\t    <!-- \/row_inner -->\n\t<\/div>\n\t<!-- \/module_row -->\n\t\t\t\t<!-- module_row -->\n\t<div  data-css_id=\"itvs720\" data-lazy=\"1\" class=\"module_row themify_builder_row fullwidth tb_itvs720 tf_w tf_clearfix\">\n\t    \t\t\t<div class=\"row_inner col_align_top tb_col_count_1 tf_box tf_rel\">\n\t\t            <div  data-lazy=\"1\" class=\"module_column tb-column col-full tb_knq0720 first\">\n                                                        <div class=\"tb-column-inner tf_box tf_w\">\n                        \t<div  data-lazy=\"1\" class=\"module_subrow themify_builder_sub_row tb_nuua633 tf_w tf_clearfix\">\n\t    <div class=\"tb_row_frame_wrap tf_overflow tf_abs\" data-lazy=\"1\"><div class=\"tb_row_frame tb_row_frame_bottom  tf_abs tf_hide tf_overflow tf_w\"><\/div><\/div>\t\t\t<div class=\"subrow_inner col_align_top tb_col_count_2 tf_box tf_w\">\n\t\t            <div  data-lazy=\"1\" class=\"module_column sub_column col4-2 tb_7d7h633 first\">\n                                                        <div class=\"tb-column-inner tf_box tf_w\">\n                        <!-- module text -->\n<div  class=\"module module-text tb_zntx509   \" data-lazy=\"1\" id=\"student-diaries\">\n        <div  class=\"tb_text_wrap\">\n    <h2 style=\"text-align: center;\">Plataforma Diarios de los Estudiantes<\/h2>\n<p style=\"text-align: center;\">La Plataforma de Diarios de Estudiantes &#8220;Voluntarios desde la Escuela&#8221; ofrece a los estudiantes la oportunidad de desarrollar su sentido de la ciudadan\u00eda activa, la \u00e9tica y el pensamiento cr\u00edtico mediante el compromiso con su escena local de voluntariado, desarrollar sus habilidades digitales en la creaci\u00f3n de contenidos audiovisuales innovadores como podcasts, v\u00eddeos y contenidos escritos y trazar La plataforma es una herramienta de difusi\u00f3n, un punto de encuentro y un testimonio de los beneficios intr\u00ednsecos del servicio comunitario y una inspiraci\u00f3n para que otras escuelas, profesores y estudiantes sigan su ejemplo.<\/p>    <\/div>\n<\/div>\n<!-- \/module text --><!-- module buttons -->\n<div  class=\"module module-buttons tb_kxy7369 buttons-horizontal solid \" data-lazy=\"1\">\n    \t<div class=\"module-buttons-item tf_inline_b\">\n\t\t\t\t\t\t\t<a href=\"https:\/\/volunteersfromschool.eu\/students-diaries-platform\/\" class=\"ui builder_button red\" >\n\t\t\t\t\t\t\t\t\t\t\t<span class=\"tf_inline_b tf_vmiddle\">entrar a la plataforma<\/span>\n\t\t\t\t\t\t\t\t\t\t\t<\/a>\n\t\t\t    \t<\/div>\n    <\/div>\n<!-- \/module buttons -->\n                    <\/div>\n                            <\/div>\n                        <div  data-lazy=\"1\" class=\"module_column sub_column col4-2 tb_x39m634 last\">\n                                                        <div class=\"tb-column-inner tf_box tf_w\">\n                        <!-- module image -->\n<div  class=\"module module-image tb_c2kg509   image-center tf_mw\" data-lazy=\"1\">\n        <div class=\"image-wrap tf_rel tf_mw\">\n\t\t    <img loading=\"lazy\" decoding=\"async\" src=\"http:\/\/volunteersfromschool.eu\/wp-content\/uploads\/2023\/04\/volunteer-registring-ukrainian-refugees-at-train-s-2022-11-12-14-54-17-utc-scaled.jpg\" width=\"502\" height=\"302\" title=\"RESULTADOS\" alt=\"RESULTADOS\">\t\n\t\t<\/div>\n\t<!-- \/image-wrap -->\n    \n    \t<\/div>\n<!-- \/module image -->                    <\/div>\n                            <\/div>\n            \t    <\/div>\n\t<\/div><!-- \/themify_builder_sub_row -->\n\t\t<div  data-lazy=\"1\" class=\"module_subrow themify_builder_sub_row tb_c22e509 tf_w tf_clearfix\">\n\t    <div class=\"tb_row_frame_wrap tf_overflow tf_abs\" data-lazy=\"1\"><div class=\"tb_row_frame tb_row_frame_bottom  tf_abs tf_hide tf_overflow tf_w\"><\/div><\/div>\t\t\t<div class=\"subrow_inner col_align_top tb_col_count_2 tf_box tf_w\">\n\t\t            <div  data-lazy=\"1\" class=\"module_column sub_column col4-2 tb_wtgf509 first\">\n                                                        <div class=\"tb-column-inner tf_box tf_w\">\n                        <!-- module image -->\n<div  class=\"module module-image tb_ndm4634   image-center tf_mw\" data-lazy=\"1\">\n        <div class=\"image-wrap tf_rel tf_mw\">\n\t\t    <img loading=\"lazy\" decoding=\"async\" src=\"http:\/\/volunteersfromschool.eu\/wp-content\/uploads\/2023\/04\/Picture1.jpg\" width=\"502\" height=\"302\" title=\"RESULTADOS\" alt=\"RESULTADOS\">\t\n\t\t<\/div>\n\t<!-- \/image-wrap -->\n    \n    \t<\/div>\n<!-- \/module image -->                    <\/div>\n                            <\/div>\n                        <div  data-lazy=\"1\" class=\"module_column sub_column col4-2 tb_zvf0509 last\">\n                                                        <div class=\"tb-column-inner tf_box tf_w\">\n                        <!-- module text -->\n<div  class=\"module module-text tb_worh634   \" data-lazy=\"1\" id=\"training-teachers\">\n        <div  class=\"tb_text_wrap\">\n    <h2 style=\"text-align: center;\"><strong>Formaci\u00f3n de profesores<\/strong><\/h2>\n<p style=\"text-align: center;\">Formaci\u00f3n de profesores de &#8220;Voluntarios de la Escuela&#8221; incluyendo sus respectivos Lesson Plans. Estas formaciones constituyen un uso innovador de contenidos y herramientas digitales, ayudan a la transformaci\u00f3n digital en el perfil profesional de los participantes y sus escuelas, aumentan su capacidad y preparaci\u00f3n hacia una nueva era digital en la educaci\u00f3n. Educa a los profesores sobre c\u00f3mo motivar la participaci\u00f3n de sus alumnos en la vida democr\u00e1tica, el compromiso social y c\u00edvico, abrazar y practicar los valores de la UE a trav\u00e9s del voluntariado.<\/p>    <\/div>\n<\/div>\n<!-- \/module text --><!-- module buttons -->\n<div  class=\"module module-buttons tb_n4j4616 buttons-horizontal solid \" data-lazy=\"1\">\n    \t<div class=\"module-buttons-item tf_inline_b\">\n\t\t\t\t\t\t\t<a href=\"https:\/\/volunteersfromschool.eu\/modules\/\" class=\"ui builder_button red\" >\n\t\t\t\t\t\t\t\t\t\t\t<span class=\"tf_inline_b tf_vmiddle\">VER EL CURSO<\/span>\n\t\t\t\t\t\t\t\t\t\t\t<\/a>\n\t\t\t    \t<\/div>\n    <\/div>\n<!-- \/module buttons -->\n                    <\/div>\n                            <\/div>\n            \t    <\/div>\n\t<\/div><!-- \/themify_builder_sub_row -->\n\t\t<div  data-lazy=\"1\" class=\"module_subrow themify_builder_sub_row tb_x1nj883 tf_w tf_clearfix\">\n\t    <div class=\"tb_row_frame_wrap tf_overflow tf_abs\" data-lazy=\"1\"><div class=\"tb_row_frame tb_row_frame_bottom  tf_abs tf_hide tf_overflow tf_w\"><\/div><\/div>\t\t\t<div class=\"subrow_inner col_align_top tb_col_count_2 tf_box tf_w\">\n\t\t            <div  data-lazy=\"1\" class=\"module_column sub_column col4-2 tb_eoea883 first\">\n                                                        <div class=\"tb-column-inner tf_box tf_w\">\n                        <!-- module text -->\n<div  class=\"module module-text tb_tj2v883   \" data-lazy=\"1\" id=\"school-exchange\">\n        <div  class=\"tb_text_wrap\">\n    <h2 style=\"text-align: center;\">Intercambio escolar para estudiantes<\/h2>\n<p style=\"text-align: center;\">En &#8220;Voluntarios desde la escuela&#8221; tendr\u00e1n lugar dos intercambios escolares para estudiantes. El primero tiene como objetivo que los estudiantes aprendan a crear un diario digital y a desarrollar habilidades digitales, de comunicaci\u00f3n y de gesti\u00f3n de proyectos, as\u00ed como crear un esp\u00edritu de valores compartidos sobre c\u00f3mo asumir la responsabilidad de contribuir a la mejora de la sociedad mediante la implicaci\u00f3n personal. El segundo intercambio tiene como objetivo compartir, entre estudiantes de diferentes escuelas, las experiencias, emociones y lecciones aprendidas durante su participaci\u00f3n como VoterS.<\/p>\n<p style=\"text-align: center;\">Estos intercambios intensificar\u00e1n la relaci\u00f3n circular entre aprendizaje y servicio y demostrar\u00e1n c\u00f3mo los estudiantes que experimentaron y protagonizaron acciones de compromiso c\u00edvico, han interiorizado este ejercicio activo de ciudadan\u00eda a la vez que adquieren nuevos conocimientos y habilidades.<\/p>    <\/div>\n<\/div>\n<!-- \/module text -->                    <\/div>\n                            <\/div>\n                        <div  data-lazy=\"1\" class=\"module_column sub_column col4-2 tb_6xr0883 last\">\n                                                        <div class=\"tb-column-inner tf_box tf_w\">\n                        <!-- module image -->\n<div  class=\"module module-image tb_1ooj883   image-center tf_mw\" data-lazy=\"1\">\n        <div class=\"image-wrap tf_rel tf_mw\">\n\t\t    <img loading=\"lazy\" decoding=\"async\" src=\"http:\/\/volunteersfromschool.eu\/wp-content\/uploads\/2023\/04\/happy-young-friends-stacking-hands-diverse-group-2022-08-11-00-05-14-utc-scaled.jpg\" width=\"525\" height=\"303\" title=\"RESULTADOS\" alt=\"RESULTADOS\">\t\n\t\t<\/div>\n\t<!-- \/image-wrap -->\n    \n    \t<\/div>\n<!-- \/module image -->                    <\/div>\n                            <\/div>\n            \t    <\/div>\n\t<\/div><!-- \/themify_builder_sub_row -->\n\t                    <\/div>\n                            <\/div>\n            \t    <\/div>\n\t    <!-- \/row_inner -->\n\t<\/div>\n\t<!-- \/module_row -->\n\t\t\t\t<!-- module_row -->\n\t<div  data-css_id=\"az85477\" data-lazy=\"1\" class=\"module_row themify_builder_row fullwidth tb_az85477 tf_w tf_clearfix\">\n\t    \t\t\t<div class=\"row_inner col_align_top tb_col_count_2 tf_box tf_rel\">\n\t\t            <div  data-lazy=\"1\" class=\"module_column tb-column col4-2 tb_jnzq478 first\">\n                                                        <div class=\"tb-column-inner tf_box tf_w\">\n                        <!-- module text -->\n<div  class=\"module module-text tb_76lo479  repeat \" data-lazy=\"1\">\n        <div  class=\"tb_text_wrap\">\n    <p>Financiado por la Uni\u00f3n Europea. No obstante, los puntos de vista y opiniones expresados son exclusivamente los del autor o autores y no reflejan necesariamente los de la Uni\u00f3n Europea ni los de la Agencia Ejecutiva en el \u00c1mbito Educativo y Cultural Europeo (EACEA). Ni la Uni\u00f3n Europea ni la EACEA pueden ser consideradas responsables de las mismas.<\/p>    <\/div>\n<\/div>\n<!-- \/module text -->                    <\/div>\n                            <\/div>\n                        <div  data-lazy=\"1\" class=\"module_column tb-column col4-2 tb_5544480 last\">\n                                                        <div class=\"tb-column-inner tf_box tf_w\">\n                        <!-- module text -->\n<div  class=\"module module-text tb_ootq480  repeat \" data-lazy=\"1\">\n        <div  class=\"tb_text_wrap\">\n    <p>\u039d\u00famero de proyecto: 2022-1-ES01-KA220-SCH-000087095<\/p>    <\/div>\n<\/div>\n<!-- \/module text --><!-- module image -->\n<div  class=\"module module-image tb_1tr4480   image-top tf_mw\" data-lazy=\"1\">\n        <div class=\"image-wrap tf_rel tf_mw\">\n\t\t    <img loading=\"lazy\" decoding=\"async\" src=\"http:\/\/volunteersfromschool.eu\/wp-content\/uploads\/2023\/04\/EU.png\" width=\"566\" height=\"119\" title=\"RESULTADOS\" alt=\"RESULTADOS\">\t\n\t\t<\/div>\n\t<!-- \/image-wrap -->\n    \n    \t<\/div>\n<!-- \/module image -->                    <\/div>\n                            <\/div>\n            \t    <\/div>\n\t    <!-- \/row_inner -->\n\t<\/div>\n\t<!-- \/module_row -->\n\t<\/div>\n<!--\/themify_builder_content-->","protected":false},"excerpt":{"rendered":"<p>Resultados<\/p>\n","protected":false},"author":1,"featured_media":0,"parent":0,"menu_order":0,"comment_status":"closed","ping_status":"closed","template":"","meta":{"footnotes":""},"class_list":["post-807","page","type-page","status-publish","hentry","has-post-title","has-post-date","has-post-category","has-post-tag","has-post-comment","has-post-author",""],"builder_content":"<h1 style=\"text-align: center;\">Resultados<\/h1>\n<h2 style=\"text-align: center;\">Plataforma Diarios de los Estudiantes<\/h2> <p style=\"text-align: center;\">La Plataforma de Diarios de Estudiantes \"Voluntarios desde la Escuela\" ofrece a los estudiantes la oportunidad de desarrollar su sentido de la ciudadan\u00eda activa, la \u00e9tica y el pensamiento cr\u00edtico mediante el compromiso con su escena local de voluntariado, desarrollar sus habilidades digitales en la creaci\u00f3n de contenidos audiovisuales innovadores como podcasts, v\u00eddeos y contenidos escritos y trazar La plataforma es una herramienta de difusi\u00f3n, un punto de encuentro y un testimonio de los beneficios intr\u00ednsecos del servicio comunitario y una inspiraci\u00f3n para que otras escuelas, profesores y estudiantes sigan su ejemplo.<\/p>\n<a href=\"https:\/\/volunteersfromschool.eu\/students-diaries-platform\/\" > entrar a la plataforma <\/a>\n<img src=\"http:\/\/volunteersfromschool.eu\/wp-content\/uploads\/2023\/04\/volunteer-registring-ukrainian-refugees-at-train-s-2022-11-12-14-54-17-utc-scaled.jpg\" width=\"502\" height=\"302\" title=\"RESULTADOS\" alt=\"RESULTADOS\">\n<img src=\"http:\/\/volunteersfromschool.eu\/wp-content\/uploads\/2023\/04\/Picture1.jpg\" width=\"502\" height=\"302\" title=\"RESULTADOS\" alt=\"RESULTADOS\">\n<h2 style=\"text-align: center;\"><strong>Formaci\u00f3n de profesores<\/strong><\/h2> <p style=\"text-align: center;\">Formaci\u00f3n de profesores de \"Voluntarios de la Escuela\" incluyendo sus respectivos Lesson Plans. Estas formaciones constituyen un uso innovador de contenidos y herramientas digitales, ayudan a la transformaci\u00f3n digital en el perfil profesional de los participantes y sus escuelas, aumentan su capacidad y preparaci\u00f3n hacia una nueva era digital en la educaci\u00f3n. Educa a los profesores sobre c\u00f3mo motivar la participaci\u00f3n de sus alumnos en la vida democr\u00e1tica, el compromiso social y c\u00edvico, abrazar y practicar los valores de la UE a trav\u00e9s del voluntariado.<\/p>\n<a href=\"https:\/\/volunteersfromschool.eu\/modules\/\" > VER EL CURSO <\/a>\n<h2 style=\"text-align: center;\">Intercambio escolar para estudiantes<\/h2> <p style=\"text-align: center;\">En \"Voluntarios desde la escuela\" tendr\u00e1n lugar dos intercambios escolares para estudiantes. El primero tiene como objetivo que los estudiantes aprendan a crear un diario digital y a desarrollar habilidades digitales, de comunicaci\u00f3n y de gesti\u00f3n de proyectos, as\u00ed como crear un esp\u00edritu de valores compartidos sobre c\u00f3mo asumir la responsabilidad de contribuir a la mejora de la sociedad mediante la implicaci\u00f3n personal. El segundo intercambio tiene como objetivo compartir, entre estudiantes de diferentes escuelas, las experiencias, emociones y lecciones aprendidas durante su participaci\u00f3n como VoterS.<\/p> <p style=\"text-align: center;\">Estos intercambios intensificar\u00e1n la relaci\u00f3n circular entre aprendizaje y servicio y demostrar\u00e1n c\u00f3mo los estudiantes que experimentaron y protagonizaron acciones de compromiso c\u00edvico, han interiorizado este ejercicio activo de ciudadan\u00eda a la vez que adquieren nuevos conocimientos y habilidades.<\/p>\n<img src=\"http:\/\/volunteersfromschool.eu\/wp-content\/uploads\/2023\/04\/happy-young-friends-stacking-hands-diverse-group-2022-08-11-00-05-14-utc-scaled.jpg\" width=\"525\" height=\"303\" title=\"RESULTADOS\" alt=\"RESULTADOS\">\n<p>Financiado por la Uni\u00f3n Europea. No obstante, los puntos de vista y opiniones expresados son exclusivamente los del autor o autores y no reflejan necesariamente los de la Uni\u00f3n Europea ni los de la Agencia Ejecutiva en el \u00c1mbito Educativo y Cultural Europeo (EACEA). Ni la Uni\u00f3n Europea ni la EACEA pueden ser consideradas responsables de las mismas.<\/p>\n<p>\u039d\u00famero de proyecto: 2022-1-ES01-KA220-SCH-000087095<\/p>\n<img src=\"http:\/\/volunteersfromschool.eu\/wp-content\/uploads\/2023\/04\/EU.png\" width=\"566\" height=\"119\" title=\"RESULTADOS\" alt=\"RESULTADOS\">","_links":{"self":[{"href":"https:\/\/volunteersfromschool.eu\/es\/wp-json\/wp\/v2\/pages\/807","targetHints":{"allow":["GET"]}}],"collection":[{"href":"https:\/\/volunteersfromschool.eu\/es\/wp-json\/wp\/v2\/pages"}],"about":[{"href":"https:\/\/volunteersfromschool.eu\/es\/wp-json\/wp\/v2\/types\/page"}],"author":[{"embeddable":true,"href":"https:\/\/volunteersfromschool.eu\/es\/wp-json\/wp\/v2\/users\/1"}],"replies":[{"embeddable":true,"href":"https:\/\/volunteersfromschool.eu\/es\/wp-json\/wp\/v2\/comments?post=807"}],"version-history":[{"count":12,"href":"https:\/\/volunteersfromschool.eu\/es\/wp-json\/wp\/v2\/pages\/807\/revisions"}],"predecessor-version":[{"id":3225,"href":"https:\/\/volunteersfromschool.eu\/es\/wp-json\/wp\/v2\/pages\/807\/revisions\/3225"}],"wp:attachment":[{"href":"https:\/\/volunteersfromschool.eu\/es\/wp-json\/wp\/v2\/media?parent=807"}],"curies":[{"name":"wp","href":"https:\/\/api.w.org\/{rel}","templated":true}]}}