{"id":886,"date":"2023-05-08T07:44:46","date_gmt":"2023-05-08T07:44:46","guid":{"rendered":"https:\/\/volunteersfromschool.eu\/news\/"},"modified":"2023-05-30T09:50:42","modified_gmt":"2023-05-30T09:50:42","slug":"news","status":"publish","type":"page","link":"https:\/\/volunteersfromschool.eu\/es\/news\/","title":{"rendered":"NEWS"},"content":{"rendered":"<!--themify_builder_content-->\n<div id=\"themify_builder_content-886\" data-postid=\"886\" class=\"themify_builder_content themify_builder_content-886 themify_builder tf_clear\">\n    \t\t\t<!-- module_row -->\n\t<div  data-lazy=\"1\" class=\"module_row themify_builder_row tb_y0ke909 tb_first tf_w tf_clearfix\">\n\t    \t\t\t<div class=\"row_inner col_align_top tb_col_count_1 tf_box tf_rel\">\n\t\t            <div  data-lazy=\"1\" class=\"module_column tb-column col-full tb_081r909 first\">\n                                                        <div class=\"tb-column-inner tf_box tf_w\">\n                        \t<div  data-lazy=\"1\" class=\"module_subrow themify_builder_sub_row tb_55jb910 tf_w tf_clearfix\">\n\t    \t\t\t<div class=\"subrow_inner col_align_top tb_col_count_1 tf_box tf_w\">\n\t\t            <div  data-lazy=\"1\" class=\"module_column sub_column col-full tb_k5s6910 first\">\n                                                        <div class=\"tb-column-inner tf_box tf_w\">\n                        <!-- module text -->\n<div  class=\"module module-text tb_xfre910   \" data-lazy=\"1\">\n        <div  class=\"tb_text_wrap\">\n    <h2>Noticias:<\/h2>    <\/div>\n<\/div>\n<!-- \/module text -->                    <\/div>\n                            <\/div>\n            \t    <\/div>\n\t<\/div><!-- \/themify_builder_sub_row -->\n\t\t<div  data-lazy=\"1\" class=\"module_subrow themify_builder_sub_row tb_9ihm910 tf_w tf_clearfix\">\n\t    \t\t\t<div class=\"subrow_inner col_align_top tb_col_count_1 tf_box tf_w\">\n\t\t            <div  data-lazy=\"1\" class=\"module_column sub_column col-full tb_csxc384 first\">\n                                                        <div class=\"tb-column-inner tf_box tf_w\">\n                        <!-- module post -->\n<div  class=\"module module-post tb_hfl5479 \">\n        <div  class=\"builder-posts-wrap loops-wrapper grid3 masonry classic tf_rel tf_clear tf_clearfix\" data-lazy=\"1\">\n\t<article id=\"post-910\" class=\"post tf_clearfix post-910 type-post status-publish format-standard hentry category-sin-categorizar has-post-title has-post-date has-post-category has-post-tag has-post-comment has-post-author \">\n\t    \n\t\t<div class=\"post-content\">\n\t\t<div class=\"post-content-inner\">\n\n\t\t\t\t\t\t\t\t<div class=\"post-date-wrap post-date-inline\">\n\t\t<time class=\"post-date entry-date updated\" datetime=\"2023-04-28\">\n\t\t\t\t\t<span class=\"year\">abril 28, 2023<\/span>\n\t\t\t\t<\/time>\n\t<\/div><!-- .post-date-wrap -->\n\t\t\t\t\n\t\t\t<h2 class=\"post-title entry-title\"><a href=\"https:\/\/volunteersfromschool.eu\/es\/kick-off-meeting\/\">Reuni\u00f3n Inicial<\/a><\/h2>\n\t\t\t\n\t\t\t\n\t\t\t\t<div class=\"entry-content\">\n\n        \n\t\t<p>Reuni\u00f3n Inicial<\/p>\n\n\t\t\n\t    \n\t<\/div><!-- \/.entry-content -->\n\t\n\t\t<\/div>\n\t\t<!-- \/.post-content-inner -->\n\t<\/div>\n\t<!-- \/.post-content -->\n\t\n<\/article>\n<!-- \/.post -->\n<\/div><!-- .builder-posts-wrap -->\n    <\/div>\n    <!-- \/module post -->\n                    <\/div>\n                            <\/div>\n            \t    <\/div>\n\t<\/div><!-- \/themify_builder_sub_row -->\n\t                    <\/div>\n                            <\/div>\n            \t    <\/div>\n\t    <!-- \/row_inner -->\n\t<\/div>\n\t<!-- \/module_row -->\n\t\t\t\t<!-- module_row -->\n\t<div  data-css_id=\"6a37167\" data-lazy=\"1\" class=\"module_row themify_builder_row fullwidth tb_6a37167 tf_w tf_clearfix\">\n\t    \t\t\t<div class=\"row_inner col_align_top tb_col_count_2 tf_box tf_rel\">\n\t\t            <div  data-lazy=\"1\" class=\"module_column tb-column col4-2 tb_zntg168 first\">\n                                                        <div class=\"tb-column-inner tf_box tf_w\">\n                        <!-- module text -->\n<div  class=\"module module-text tb_tyj6168  repeat \" data-lazy=\"1\">\n        <div  class=\"tb_text_wrap\">\n    <p>Financiado por la Uni\u00f3n Europea. No obstante, los puntos de vista y opiniones expresados son exclusivamente los del autor o autores y no reflejan necesariamente los de la Uni\u00f3n Europea ni los de la Agencia Ejecutiva en el \u00c1mbito Educativo y Cultural Europeo (EACEA). Ni la Uni\u00f3n Europea ni la EACEA pueden ser consideradas responsables de las mismas.<\/p>    <\/div>\n<\/div>\n<!-- \/module text -->                    <\/div>\n                            <\/div>\n                        <div  data-lazy=\"1\" class=\"module_column tb-column col4-2 tb_hzjc168 last\">\n                                                        <div class=\"tb-column-inner tf_box tf_w\">\n                        <!-- module text -->\n<div  class=\"module module-text tb_3w9x168  repeat \" data-lazy=\"1\">\n        <div  class=\"tb_text_wrap\">\n    <p>\u039d\u00famero de proyecto: 2022-1-ES01-KA220-SCH-000087095<\/p>    <\/div>\n<\/div>\n<!-- \/module text --><!-- module image -->\n<div  class=\"module module-image tb_2bfx168   image-top tf_mw\" data-lazy=\"1\">\n        <div class=\"image-wrap tf_rel tf_mw\">\n\t\t    <img loading=\"lazy\" decoding=\"async\" src=\"http:\/\/volunteersfromschool.eu\/wp-content\/uploads\/2023\/04\/EU.png\" width=\"566\" height=\"119\" title=\"NEWS\" alt=\"NEWS\">\t\n\t\t<\/div>\n\t<!-- \/image-wrap -->\n    \n    \t<\/div>\n<!-- \/module image -->                    <\/div>\n                            <\/div>\n            \t    <\/div>\n\t    <!-- \/row_inner -->\n\t<\/div>\n\t<!-- \/module_row -->\n\t<\/div>\n<!--\/themify_builder_content-->\n\n\n<p><\/p>","protected":false},"excerpt":{"rendered":"","protected":false},"author":1,"featured_media":0,"parent":0,"menu_order":0,"comment_status":"closed","ping_status":"closed","template":"","meta":{"footnotes":""},"class_list":["post-886","page","type-page","status-publish","hentry","has-post-title","has-post-date","has-post-category","has-post-tag","has-post-comment","has-post-author",""],"builder_content":"<h2>Noticias:<\/h2>\n<p>Financiado por la Uni\u00f3n Europea. No obstante, los puntos de vista y opiniones expresados son exclusivamente los del autor o autores y no reflejan necesariamente los de la Uni\u00f3n Europea ni los de la Agencia Ejecutiva en el \u00c1mbito Educativo y Cultural Europeo (EACEA). Ni la Uni\u00f3n Europea ni la EACEA pueden ser consideradas responsables de las mismas.<\/p>\n<p>\u039d\u00famero de proyecto: 2022-1-ES01-KA220-SCH-000087095<\/p>\n<img src=\"http:\/\/volunteersfromschool.eu\/wp-content\/uploads\/2023\/04\/EU.png\" width=\"566\" height=\"119\" title=\"NEWS\" alt=\"NEWS\">","_links":{"self":[{"href":"https:\/\/volunteersfromschool.eu\/es\/wp-json\/wp\/v2\/pages\/886","targetHints":{"allow":["GET"]}}],"collection":[{"href":"https:\/\/volunteersfromschool.eu\/es\/wp-json\/wp\/v2\/pages"}],"about":[{"href":"https:\/\/volunteersfromschool.eu\/es\/wp-json\/wp\/v2\/types\/page"}],"author":[{"embeddable":true,"href":"https:\/\/volunteersfromschool.eu\/es\/wp-json\/wp\/v2\/users\/1"}],"replies":[{"embeddable":true,"href":"https:\/\/volunteersfromschool.eu\/es\/wp-json\/wp\/v2\/comments?post=886"}],"version-history":[{"count":2,"href":"https:\/\/volunteersfromschool.eu\/es\/wp-json\/wp\/v2\/pages\/886\/revisions"}],"predecessor-version":[{"id":898,"href":"https:\/\/volunteersfromschool.eu\/es\/wp-json\/wp\/v2\/pages\/886\/revisions\/898"}],"wp:attachment":[{"href":"https:\/\/volunteersfromschool.eu\/es\/wp-json\/wp\/v2\/media?parent=886"}],"curies":[{"name":"wp","href":"https:\/\/api.w.org\/{rel}","templated":true}]}}