{"id":781,"date":"2023-04-26T09:34:08","date_gmt":"2023-04-26T09:34:08","guid":{"rendered":"https:\/\/volunteersfromschool.eu\/about\/"},"modified":"2023-05-29T07:14:28","modified_gmt":"2023-05-29T07:14:28","slug":"about","status":"publish","type":"page","link":"https:\/\/volunteersfromschool.eu\/it\/about\/","title":{"rendered":"IL PROGETTO"},"content":{"rendered":"<!--themify_builder_content-->\n<div id=\"themify_builder_content-781\" data-postid=\"781\" class=\"themify_builder_content themify_builder_content-781 themify_builder tf_clear\">\n    \t\t\t<!-- module_row -->\n\t<div  data-css_id=\"msqy747\" data-lazy=\"1\" class=\"module_row themify_builder_row fullwidth_row_container tb_msqy747 tb_first tf_w tf_clearfix\">\n\t    <div class=\"builder_row_cover tf_abs\"><\/div>\t\t\t<div class=\"row_inner col_align_top tb_col_count_1 tf_box tf_rel\">\n\t\t            <div  data-lazy=\"1\" class=\"module_column tb-column col-full tb_m60a747 first\">\n                                                        <div class=\"tb-column-inner tf_box tf_w\">\n                        <!-- module text -->\n<div  class=\"module module-text tb_6uel747  repeat \" data-lazy=\"1\">\n        <div  class=\"tb_text_wrap\">\n    <h1>Il Progetto<\/h1>    <\/div>\n<\/div>\n<!-- \/module text -->                    <\/div>\n                            <\/div>\n            \t    <\/div>\n\t    <!-- \/row_inner -->\n\t<\/div>\n\t<!-- \/module_row -->\n\t\t\t\t<!-- module_row -->\n\t<div  data-css_id=\"13sz747\" data-lazy=\"1\" class=\"module_row themify_builder_row fullwidth_row_container tb_13sz747 tf_w tf_clearfix\">\n\t    \t\t\t<div class=\"row_inner col_align_top tb_col_count_2 tf_box tf_rel\">\n\t\t            <div  data-lazy=\"1\" class=\"module_column tb-column col4-2 tb_fw17747 first\">\n                                                        <div class=\"tb-column-inner tf_box tf_w\">\n                        <!-- module text -->\n<div  class=\"module module-text tb_j24f747  repeat \" data-lazy=\"1\">\n        <div  class=\"tb_text_wrap\">\n    <div class=\"ewa-rteLine\">Con il progetto VoterS intendiamo combinare l&#8217;apprendimento e il servizio alla comunit\u00e0 e creare cittadini pensanti, attivi e responsabili.<\/div>\n<div>\u00a0<\/div>\n<p>In questo processo offriremo a tutti i partecipanti, insegnanti, studenti e scuole, le competenze necessarie per praticare responsabilmente le regole di convivenza in una societ\u00e0 democratica, assumendosi le proprie responsabilit\u00e0 di cittadini europei. Poich\u00e9 gli studenti delle scuole secondarie sono i primi a terminare la scuola e a contribuire alla societ\u00e0 nei prossimi due anni, la loro preparazione \u00e8 essenziale, non per un futuro lontano e imprevedibile, ma per il domani, quando le avversit\u00e0 bussano cos\u00ec palesemente alla nostra porta.<\/p>    <\/div>\n<\/div>\n<!-- \/module text --><!-- module image -->\n<div  class=\"module module-image tb_al09770   image-top tf_mw\" data-lazy=\"1\">\n        <div class=\"image-wrap tf_rel tf_mw\">\n\t\t    <img loading=\"lazy\" decoding=\"async\" src=\"http:\/\/volunteersfromschool.eu\/wp-content\/uploads\/2023\/04\/hands-of-young-people-joined-in-circle-2022-12-16-08-50-15-utc-scaled.jpg\" width=\"554\" height=\"305\" title=\"IL PROGETTO\" alt=\"IL PROGETTO\">\t\n\t\t<\/div>\n\t<!-- \/image-wrap -->\n    \n    \t<\/div>\n<!-- \/module image -->                    <\/div>\n                            <\/div>\n                        <div  data-lazy=\"1\" class=\"module_column tb-column col4-2 tb_kb43747 last\">\n                                                        <div class=\"tb-column-inner tf_box tf_w\">\n                        <!-- module image -->\n<div  class=\"module module-image tb_urlg411   image-top tf_mw\" data-lazy=\"1\">\n        <div class=\"image-wrap tf_rel tf_mw\">\n\t\t    <img loading=\"lazy\" decoding=\"async\" src=\"http:\/\/volunteersfromschool.eu\/wp-content\/uploads\/2023\/04\/group-of-young-people-sitting-at-table-reading-boo-2022-02-02-05-07-19-utc-scaled.jpg\" width=\"554\" height=\"325\" title=\"IL PROGETTO\" alt=\"IL PROGETTO\">\t\n\t\t<\/div>\n\t<!-- \/image-wrap -->\n    \n    \t<\/div>\n<!-- \/module image --><!-- module text -->\n<div  class=\"module module-text tb_d0ze747  repeat \" data-lazy=\"1\">\n        <div  class=\"tb_text_wrap\">\n    <p>La dimostrazione della solidariet\u00e0 europea, i nostri valori democratici, la responsabilit\u00e0, la perseveranza e l&#8217;applicazione di tutti questi elementi in un mondo digitale saranno tutti serviti dai risultati di questo progetto.<\/p>\n<p>Gli insegnanti svilupperanno la capacit\u00e0 di raggiungere e ispirare gli studenti, anche da lontano, gli studenti miglioreranno il loro pensiero critico e il loro senso di responsabilit\u00e0 e, inoltre, apprenderanno le capacit\u00e0 di gestione del progetto per esercitare il volontariato in modo strutturato e d&#8217;impatto.<\/p>\n<p>Le scuole, i genitori, le ONG locali e le comunit\u00e0 locali riceveranno gli strumenti per collaborare come non hanno mai fatto prima. Ora pi\u00f9 che mai, un progetto sul volontariato \u00e8 necessario per attuare il cambiamento.<\/p>    <\/div>\n<\/div>\n<!-- \/module text -->                    <\/div>\n                            <\/div>\n            \t    <\/div>\n\t    <!-- \/row_inner -->\n\t<\/div>\n\t<!-- \/module_row -->\n\t\t\t\t<!-- module_row -->\n\t<div  data-css_id=\"plub217\" data-lazy=\"1\" class=\"module_row themify_builder_row fullwidth tb_plub217 tf_w tf_clearfix\">\n\t    \t\t\t<div class=\"row_inner col_align_top tb_col_count_2 tf_box tf_rel\">\n\t\t            <div  data-lazy=\"1\" class=\"module_column tb-column col4-2 tb_fbbo218 first\">\n                                                        <div class=\"tb-column-inner tf_box tf_w\">\n                        <!-- module text -->\n<div  class=\"module module-text tb_z2a4218  repeat \" data-lazy=\"1\">\n        <div  class=\"tb_text_wrap\">\n    <p>Finanziato dall&#8217;Unione europea. Le opinioni espresse appartengono, tuttavia, al solo o ai soli autori e non riflettono necessariamente le opinioni dell&#8217;Unione europea o dell\u2019Agenzia esecutiva europea per l\u2019istruzione e la cultura (EACEA). N\u00e9 l&#8217;Unione europea n\u00e9 l&#8217;EACEA possono esserne ritenute responsabili.<\/p>    <\/div>\n<\/div>\n<!-- \/module text -->                    <\/div>\n                            <\/div>\n                        <div  data-lazy=\"1\" class=\"module_column tb-column col4-2 tb_mapb219 last\">\n                                                        <div class=\"tb-column-inner tf_box tf_w\">\n                        <!-- module text -->\n<div  class=\"module module-text tb_xtk2219  repeat \" data-lazy=\"1\">\n        <div  class=\"tb_text_wrap\">\n    <p>Numero di Progetto: 2022-1-ES01-KA220-SCH-000087095<\/p>    <\/div>\n<\/div>\n<!-- \/module text --><!-- module image -->\n<div  class=\"module module-image tb_v28p219   image-top tf_mw\" data-lazy=\"1\">\n        <div class=\"image-wrap tf_rel tf_mw\">\n\t\t    <img loading=\"lazy\" decoding=\"async\" src=\"http:\/\/volunteersfromschool.eu\/wp-content\/uploads\/2023\/04\/EU.png\" width=\"566\" height=\"119\" title=\"IL PROGETTO\" alt=\"IL PROGETTO\">\t\n\t\t<\/div>\n\t<!-- \/image-wrap -->\n    \n    \t<\/div>\n<!-- \/module image -->                    <\/div>\n                            <\/div>\n            \t    <\/div>\n\t    <!-- \/row_inner -->\n\t<\/div>\n\t<!-- \/module_row -->\n\t<\/div>\n<!--\/themify_builder_content-->","protected":false},"excerpt":{"rendered":"<p>Il Progetto<\/p>\n","protected":false},"author":1,"featured_media":0,"parent":0,"menu_order":0,"comment_status":"closed","ping_status":"closed","template":"","meta":{"footnotes":""},"class_list":["post-781","page","type-page","status-publish","hentry","has-post-title","has-post-date","has-post-category","has-post-tag","has-post-comment","has-post-author",""],"builder_content":"<h1>Il Progetto<\/h1>\nCon il progetto VoterS intendiamo combinare l'apprendimento e il servizio alla comunit\u00e0 e creare cittadini pensanti, attivi e responsabili. \u00a0 <p>In questo processo offriremo a tutti i partecipanti, insegnanti, studenti e scuole, le competenze necessarie per praticare responsabilmente le regole di convivenza in una societ\u00e0 democratica, assumendosi le proprie responsabilit\u00e0 di cittadini europei. Poich\u00e9 gli studenti delle scuole secondarie sono i primi a terminare la scuola e a contribuire alla societ\u00e0 nei prossimi due anni, la loro preparazione \u00e8 essenziale, non per un futuro lontano e imprevedibile, ma per il domani, quando le avversit\u00e0 bussano cos\u00ec palesemente alla nostra porta.<\/p>\n<img src=\"http:\/\/volunteersfromschool.eu\/wp-content\/uploads\/2023\/04\/hands-of-young-people-joined-in-circle-2022-12-16-08-50-15-utc-scaled.jpg\" width=\"554\" height=\"305\" title=\"IL PROGETTO\" alt=\"IL PROGETTO\">\n<img src=\"http:\/\/volunteersfromschool.eu\/wp-content\/uploads\/2023\/04\/group-of-young-people-sitting-at-table-reading-boo-2022-02-02-05-07-19-utc-scaled.jpg\" width=\"554\" height=\"325\" title=\"IL PROGETTO\" alt=\"IL PROGETTO\">\n<p>La dimostrazione della solidariet\u00e0 europea, i nostri valori democratici, la responsabilit\u00e0, la perseveranza e l'applicazione di tutti questi elementi in un mondo digitale saranno tutti serviti dai risultati di questo progetto.<\/p> <p>Gli insegnanti svilupperanno la capacit\u00e0 di raggiungere e ispirare gli studenti, anche da lontano, gli studenti miglioreranno il loro pensiero critico e il loro senso di responsabilit\u00e0 e, inoltre, apprenderanno le capacit\u00e0 di gestione del progetto per esercitare il volontariato in modo strutturato e d'impatto.<\/p> <p>Le scuole, i genitori, le ONG locali e le comunit\u00e0 locali riceveranno gli strumenti per collaborare come non hanno mai fatto prima. Ora pi\u00f9 che mai, un progetto sul volontariato \u00e8 necessario per attuare il cambiamento.<\/p>\n<p>Finanziato dall'Unione europea. Le opinioni espresse appartengono, tuttavia, al solo o ai soli autori e non riflettono necessariamente le opinioni dell'Unione europea o dell\u2019Agenzia esecutiva europea per l\u2019istruzione e la cultura (EACEA). N\u00e9 l'Unione europea n\u00e9 l'EACEA possono esserne ritenute responsabili.<\/p>\n<p>Numero di Progetto: 2022-1-ES01-KA220-SCH-000087095<\/p>\n<img src=\"http:\/\/volunteersfromschool.eu\/wp-content\/uploads\/2023\/04\/EU.png\" width=\"566\" height=\"119\" title=\"IL PROGETTO\" alt=\"IL PROGETTO\">","_links":{"self":[{"href":"https:\/\/volunteersfromschool.eu\/it\/wp-json\/wp\/v2\/pages\/781","targetHints":{"allow":["GET"]}}],"collection":[{"href":"https:\/\/volunteersfromschool.eu\/it\/wp-json\/wp\/v2\/pages"}],"about":[{"href":"https:\/\/volunteersfromschool.eu\/it\/wp-json\/wp\/v2\/types\/page"}],"author":[{"embeddable":true,"href":"https:\/\/volunteersfromschool.eu\/it\/wp-json\/wp\/v2\/users\/1"}],"replies":[{"embeddable":true,"href":"https:\/\/volunteersfromschool.eu\/it\/wp-json\/wp\/v2\/comments?post=781"}],"version-history":[{"count":6,"href":"https:\/\/volunteersfromschool.eu\/it\/wp-json\/wp\/v2\/pages\/781\/revisions"}],"predecessor-version":[{"id":817,"href":"https:\/\/volunteersfromschool.eu\/it\/wp-json\/wp\/v2\/pages\/781\/revisions\/817"}],"wp:attachment":[{"href":"https:\/\/volunteersfromschool.eu\/it\/wp-json\/wp\/v2\/media?parent=781"}],"curies":[{"name":"wp","href":"https:\/\/api.w.org\/{rel}","templated":true}]}}